{"id":962,"date":"2016-11-13T10:29:58","date_gmt":"2016-11-13T08:29:58","guid":{"rendered":"http:\/\/antrotsenter.ee\/en\/?page_id=962"},"modified":"2016-11-13T10:29:58","modified_gmt":"2016-11-13T08:29:58","slug":"privacy-policy","status":"publish","type":"page","link":"https:\/\/antrotsenter.ee\/en\/general-terms\/privacy-policy\/","title":{"rendered":"PRIVACY POLICY"},"content":{"rendered":"<p>The Privacy policy principles regarding customer data collection, using, publication, transference, and storage.<\/p>\n<p><strong>Collecting personal data <\/strong><\/p>\n<p>The personal data is info what is collected during the contract filling or for contact to Purchaser.<\/p>\n<p>The collecting of regular purchaser\u00b4s personal data (name, postal address, telephone number, e-mail) can complete in following ways: direct sending, by odering on e-shop, by using site or by cookies.<\/p>\n<p><strong>Usng personal data<\/strong><\/p>\n<p>The collected personal data give possibility inform customers about news of products, promotions and upcoming events. A customer who does not want to be in our list or get notifications about interested products can remove from list of recipients of the target group at any time. The collected personal data is also used for delivery and complete aleady taken commitments.<\/p>\n<p><strong>Personal Data Protection<\/strong><\/p>\n<p>To protect every customer personal data the access to data processing has only authorized employers who can make changes.<\/p>\n<p><strong>Security<\/strong><\/p>\n<p>All the collected personal data from e-shop visiting or purchasing shall treat as confidential information. Encrypted data channel of banks ensures security for Purchaser\u00b4s personal data and bank details.<\/p>\n","protected":false},"excerpt":{"rendered":"<p>The Privacy policy principles regarding customer data collection, using, publication, transference, and storage. Collecting personal data The personal data is info what is collected during the contract filling or for contact to Purchaser. The collecting of regular purchaser\u00b4s personal data (name, postal address, telephone number, e-mail) can complete in following ways: direct sending, by odering [&hellip;]<\/p>\n","protected":false},"author":2,"featured_media":0,"parent":896,"menu_order":0,"comment_status":"closed","ping_status":"closed","template":"","meta":{"footnotes":""},"class_list":["post-962","page","type-page","status-publish","hentry"],"yoast_head":"<!-- This site is optimized with the Yoast SEO plugin v25.4 - https:\/\/yoast.com\/wordpress\/plugins\/seo\/ -->\n<title>PRIVACY POLICY &#187; Antrotsenter<\/title>\n<meta name=\"robots\" content=\"index, follow, max-snippet:-1, max-image-preview:large, max-video-preview:-1\" \/>\n<link rel=\"canonical\" href=\"https:\/\/antrotsenter.ee\/uldtingimused\/privaatsuspoliitika\/\" \/>\n<meta property=\"og:locale\" content=\"en_US\" \/>\n<meta property=\"og:type\" content=\"article\" \/>\n<meta property=\"og:title\" content=\"PRIVACY POLICY &#187; Antrotsenter\" \/>\n<meta property=\"og:description\" content=\"The Privacy policy principles regarding customer data collection, using, publication, transference, and storage. Collecting personal data The personal data is info what is collected during the contract filling or for contact to Purchaser. The collecting of regular purchaser\u00b4s personal data (name, postal address, telephone number, e-mail) can complete in following ways: direct sending, by odering [&hellip;]\" \/>\n<meta property=\"og:url\" content=\"https:\/\/antrotsenter.ee\/uldtingimused\/privaatsuspoliitika\/\" \/>\n<meta property=\"og:site_name\" content=\"Antrotsenter\" \/>\n<meta name=\"twitter:card\" content=\"summary_large_image\" \/>\n<meta name=\"twitter:label1\" content=\"Est. reading time\" \/>\n\t<meta name=\"twitter:data1\" content=\"1 minute\" \/>\n<script type=\"application\/ld+json\" class=\"yoast-schema-graph\">{\"@context\":\"https:\/\/schema.org\",\"@graph\":[{\"@type\":\"WebPage\",\"@id\":\"https:\/\/antrotsenter.ee\/uldtingimused\/privaatsuspoliitika\/\",\"url\":\"https:\/\/antrotsenter.ee\/uldtingimused\/privaatsuspoliitika\/\",\"name\":\"PRIVACY POLICY &#187; Antrotsenter\",\"isPartOf\":{\"@id\":\"https:\/\/antrotsenter.ee\/#website\"},\"datePublished\":\"2016-11-13T08:29:58+00:00\",\"breadcrumb\":{\"@id\":\"https:\/\/antrotsenter.ee\/uldtingimused\/privaatsuspoliitika\/#breadcrumb\"},\"inLanguage\":\"en-US\",\"potentialAction\":[{\"@type\":\"ReadAction\",\"target\":[\"https:\/\/antrotsenter.ee\/uldtingimused\/privaatsuspoliitika\/\"]}]},{\"@type\":\"BreadcrumbList\",\"@id\":\"https:\/\/antrotsenter.ee\/uldtingimused\/privaatsuspoliitika\/#breadcrumb\",\"itemListElement\":[{\"@type\":\"ListItem\",\"position\":1,\"name\":\"Home\",\"item\":\"https:\/\/antrotsenter.ee\/\"},{\"@type\":\"ListItem\",\"position\":2,\"name\":\"GENERAL TERMS\",\"item\":\"https:\/\/antrotsenter.ee\/uldtingimused\/\"},{\"@type\":\"ListItem\",\"position\":3,\"name\":\"PRIVACY POLICY\"}]},{\"@type\":\"WebSite\",\"@id\":\"https:\/\/antrotsenter.ee\/#website\",\"url\":\"https:\/\/antrotsenter.ee\/\",\"name\":\"Antrotsenter\",\"description\":\"K\u00f5ik tehnilised lahendused igale v\u00f5istlusele ja v\u00f5istluste korraldajale\",\"potentialAction\":[{\"@type\":\"SearchAction\",\"target\":{\"@type\":\"EntryPoint\",\"urlTemplate\":\"https:\/\/antrotsenter.ee\/?s={search_term_string}\"},\"query-input\":{\"@type\":\"PropertyValueSpecification\",\"valueRequired\":true,\"valueName\":\"search_term_string\"}}],\"inLanguage\":\"en-US\"}]}<\/script>\n<!-- \/ Yoast SEO plugin. -->","yoast_head_json":{"title":"PRIVACY POLICY &#187; Antrotsenter","robots":{"index":"index","follow":"follow","max-snippet":"max-snippet:-1","max-image-preview":"max-image-preview:large","max-video-preview":"max-video-preview:-1"},"canonical":"https:\/\/antrotsenter.ee\/uldtingimused\/privaatsuspoliitika\/","og_locale":"en_US","og_type":"article","og_title":"PRIVACY POLICY &#187; Antrotsenter","og_description":"The Privacy policy principles regarding customer data collection, using, publication, transference, and storage. Collecting personal data The personal data is info what is collected during the contract filling or for contact to Purchaser. The collecting of regular purchaser\u00b4s personal data (name, postal address, telephone number, e-mail) can complete in following ways: direct sending, by odering [&hellip;]","og_url":"https:\/\/antrotsenter.ee\/uldtingimused\/privaatsuspoliitika\/","og_site_name":"Antrotsenter","twitter_card":"summary_large_image","twitter_misc":{"Est. reading time":"1 minute"},"schema":{"@context":"https:\/\/schema.org","@graph":[{"@type":"WebPage","@id":"https:\/\/antrotsenter.ee\/uldtingimused\/privaatsuspoliitika\/","url":"https:\/\/antrotsenter.ee\/uldtingimused\/privaatsuspoliitika\/","name":"PRIVACY POLICY &#187; Antrotsenter","isPartOf":{"@id":"https:\/\/antrotsenter.ee\/#website"},"datePublished":"2016-11-13T08:29:58+00:00","breadcrumb":{"@id":"https:\/\/antrotsenter.ee\/uldtingimused\/privaatsuspoliitika\/#breadcrumb"},"inLanguage":"en-US","potentialAction":[{"@type":"ReadAction","target":["https:\/\/antrotsenter.ee\/uldtingimused\/privaatsuspoliitika\/"]}]},{"@type":"BreadcrumbList","@id":"https:\/\/antrotsenter.ee\/uldtingimused\/privaatsuspoliitika\/#breadcrumb","itemListElement":[{"@type":"ListItem","position":1,"name":"Home","item":"https:\/\/antrotsenter.ee\/"},{"@type":"ListItem","position":2,"name":"GENERAL TERMS","item":"https:\/\/antrotsenter.ee\/uldtingimused\/"},{"@type":"ListItem","position":3,"name":"PRIVACY POLICY"}]},{"@type":"WebSite","@id":"https:\/\/antrotsenter.ee\/#website","url":"https:\/\/antrotsenter.ee\/","name":"Antrotsenter","description":"K\u00f5ik tehnilised lahendused igale v\u00f5istlusele ja v\u00f5istluste korraldajale","potentialAction":[{"@type":"SearchAction","target":{"@type":"EntryPoint","urlTemplate":"https:\/\/antrotsenter.ee\/?s={search_term_string}"},"query-input":{"@type":"PropertyValueSpecification","valueRequired":true,"valueName":"search_term_string"}}],"inLanguage":"en-US"}]}},"_links":{"self":[{"href":"https:\/\/antrotsenter.ee\/en\/wp-json\/wp\/v2\/pages\/962"}],"collection":[{"href":"https:\/\/antrotsenter.ee\/en\/wp-json\/wp\/v2\/pages"}],"about":[{"href":"https:\/\/antrotsenter.ee\/en\/wp-json\/wp\/v2\/types\/page"}],"author":[{"embeddable":true,"href":"https:\/\/antrotsenter.ee\/en\/wp-json\/wp\/v2\/users\/2"}],"replies":[{"embeddable":true,"href":"https:\/\/antrotsenter.ee\/en\/wp-json\/wp\/v2\/comments?post=962"}],"version-history":[{"count":0,"href":"https:\/\/antrotsenter.ee\/en\/wp-json\/wp\/v2\/pages\/962\/revisions"}],"up":[{"embeddable":true,"href":"https:\/\/antrotsenter.ee\/en\/wp-json\/wp\/v2\/pages\/896"}],"wp:attachment":[{"href":"https:\/\/antrotsenter.ee\/en\/wp-json\/wp\/v2\/media?parent=962"}],"curies":[{"name":"wp","href":"https:\/\/api.w.org\/{rel}","templated":true}]}}