{"id":956,"date":"2016-11-12T20:44:10","date_gmt":"2016-11-12T18:44:10","guid":{"rendered":"http:\/\/antrotsenter.ee\/en\/?page_id=956"},"modified":"2016-11-13T10:32:40","modified_gmt":"2016-11-13T08:32:40","slug":"processing","status":"publish","type":"page","link":"https:\/\/antrotsenter.ee\/en\/general-terms\/processing\/","title":{"rendered":"DATA PROCESSING AND PROTECTION PRINCIPLES"},"content":{"rendered":"<p>Seller ensures the protection and security of Purchaser\u00b4s personal data according to terms of privacy policy.<\/p>\n<p>The Purchaser confirm that he\/she has read and agree to the terms of the privacy policy. Based on the current legislation and the privacy policy the Seller has right without Purchaser agreement process the personal data to the extent what is needful to run e-shop or complete the sales contract.<\/p>\n<p>Among other things, consequently the seller has the right without separate legal consent, send to the Purchaser announcements about using the services of e-shop, about sucurity reason, about increase customer service or about proving unfinished orders during the session.<\/p>\n<p>In case the Purchaser is given consent during the sales contract or another wise to use the data for marketing, the Seller has to use it according to privacy policy and purpose, including to do direct marketing or promotion offers to Purchaser\u00b4s e-mail or SMS.<\/p>\n<p>The Purchaser has right any time to take his\/her data processing consent back what was given for marketing by sending corresponding e-mail to Seller.<\/p>\n","protected":false},"excerpt":{"rendered":"<p>Seller ensures the protection and security of Purchaser\u00b4s personal data according to terms of privacy policy. The Purchaser confirm that he\/she has read and agree to the terms of the privacy policy. Based on the current legislation and the privacy policy the Seller has right without Purchaser agreement process the personal data to the extent [&hellip;]<\/p>\n","protected":false},"author":2,"featured_media":0,"parent":896,"menu_order":0,"comment_status":"closed","ping_status":"closed","template":"","meta":{"footnotes":""},"class_list":["post-956","page","type-page","status-publish","hentry"],"yoast_head":"<!-- This site is optimized with the Yoast SEO plugin v25.4 - https:\/\/yoast.com\/wordpress\/plugins\/seo\/ -->\n<title>DATA PROCESSING AND PROTECTION PRINCIPLES &#187; Antrotsenter<\/title>\n<meta name=\"robots\" content=\"index, follow, max-snippet:-1, max-image-preview:large, max-video-preview:-1\" \/>\n<link rel=\"canonical\" href=\"https:\/\/antrotsenter.ee\/uldtingimused\/andmete-kaitse-ja-tootlemise-pohimotted\/\" \/>\n<meta property=\"og:locale\" content=\"en_US\" \/>\n<meta property=\"og:type\" content=\"article\" \/>\n<meta property=\"og:title\" content=\"DATA PROCESSING AND PROTECTION PRINCIPLES &#187; Antrotsenter\" \/>\n<meta property=\"og:description\" content=\"Seller ensures the protection and security of Purchaser\u00b4s personal data according to terms of privacy policy. The Purchaser confirm that he\/she has read and agree to the terms of the privacy policy. Based on the current legislation and the privacy policy the Seller has right without Purchaser agreement process the personal data to the extent [&hellip;]\" \/>\n<meta property=\"og:url\" content=\"https:\/\/antrotsenter.ee\/uldtingimused\/andmete-kaitse-ja-tootlemise-pohimotted\/\" \/>\n<meta property=\"og:site_name\" content=\"Antrotsenter\" \/>\n<meta property=\"article:modified_time\" content=\"2016-11-13T08:32:40+00:00\" \/>\n<meta name=\"twitter:card\" content=\"summary_large_image\" \/>\n<meta name=\"twitter:label1\" content=\"Est. reading time\" \/>\n\t<meta name=\"twitter:data1\" content=\"1 minute\" \/>\n<script type=\"application\/ld+json\" class=\"yoast-schema-graph\">{\"@context\":\"https:\/\/schema.org\",\"@graph\":[{\"@type\":\"WebPage\",\"@id\":\"https:\/\/antrotsenter.ee\/uldtingimused\/andmete-kaitse-ja-tootlemise-pohimotted\/\",\"url\":\"https:\/\/antrotsenter.ee\/uldtingimused\/andmete-kaitse-ja-tootlemise-pohimotted\/\",\"name\":\"DATA PROCESSING AND PROTECTION PRINCIPLES &#187; Antrotsenter\",\"isPartOf\":{\"@id\":\"https:\/\/antrotsenter.ee\/#website\"},\"datePublished\":\"2016-11-12T18:44:10+00:00\",\"dateModified\":\"2016-11-13T08:32:40+00:00\",\"breadcrumb\":{\"@id\":\"https:\/\/antrotsenter.ee\/uldtingimused\/andmete-kaitse-ja-tootlemise-pohimotted\/#breadcrumb\"},\"inLanguage\":\"en-US\",\"potentialAction\":[{\"@type\":\"ReadAction\",\"target\":[\"https:\/\/antrotsenter.ee\/uldtingimused\/andmete-kaitse-ja-tootlemise-pohimotted\/\"]}]},{\"@type\":\"BreadcrumbList\",\"@id\":\"https:\/\/antrotsenter.ee\/uldtingimused\/andmete-kaitse-ja-tootlemise-pohimotted\/#breadcrumb\",\"itemListElement\":[{\"@type\":\"ListItem\",\"position\":1,\"name\":\"Home\",\"item\":\"https:\/\/antrotsenter.ee\/\"},{\"@type\":\"ListItem\",\"position\":2,\"name\":\"GENERAL TERMS\",\"item\":\"https:\/\/antrotsenter.ee\/uldtingimused\/\"},{\"@type\":\"ListItem\",\"position\":3,\"name\":\"DATA PROCESSING AND PROTECTION PRINCIPLES\"}]},{\"@type\":\"WebSite\",\"@id\":\"https:\/\/antrotsenter.ee\/#website\",\"url\":\"https:\/\/antrotsenter.ee\/\",\"name\":\"Antrotsenter\",\"description\":\"K\u00f5ik tehnilised lahendused igale v\u00f5istlusele ja v\u00f5istluste korraldajale\",\"potentialAction\":[{\"@type\":\"SearchAction\",\"target\":{\"@type\":\"EntryPoint\",\"urlTemplate\":\"https:\/\/antrotsenter.ee\/?s={search_term_string}\"},\"query-input\":{\"@type\":\"PropertyValueSpecification\",\"valueRequired\":true,\"valueName\":\"search_term_string\"}}],\"inLanguage\":\"en-US\"}]}<\/script>\n<!-- \/ Yoast SEO plugin. -->","yoast_head_json":{"title":"DATA PROCESSING AND PROTECTION PRINCIPLES &#187; Antrotsenter","robots":{"index":"index","follow":"follow","max-snippet":"max-snippet:-1","max-image-preview":"max-image-preview:large","max-video-preview":"max-video-preview:-1"},"canonical":"https:\/\/antrotsenter.ee\/uldtingimused\/andmete-kaitse-ja-tootlemise-pohimotted\/","og_locale":"en_US","og_type":"article","og_title":"DATA PROCESSING AND PROTECTION PRINCIPLES &#187; Antrotsenter","og_description":"Seller ensures the protection and security of Purchaser\u00b4s personal data according to terms of privacy policy. The Purchaser confirm that he\/she has read and agree to the terms of the privacy policy. Based on the current legislation and the privacy policy the Seller has right without Purchaser agreement process the personal data to the extent [&hellip;]","og_url":"https:\/\/antrotsenter.ee\/uldtingimused\/andmete-kaitse-ja-tootlemise-pohimotted\/","og_site_name":"Antrotsenter","article_modified_time":"2016-11-13T08:32:40+00:00","twitter_card":"summary_large_image","twitter_misc":{"Est. reading time":"1 minute"},"schema":{"@context":"https:\/\/schema.org","@graph":[{"@type":"WebPage","@id":"https:\/\/antrotsenter.ee\/uldtingimused\/andmete-kaitse-ja-tootlemise-pohimotted\/","url":"https:\/\/antrotsenter.ee\/uldtingimused\/andmete-kaitse-ja-tootlemise-pohimotted\/","name":"DATA PROCESSING AND PROTECTION PRINCIPLES &#187; Antrotsenter","isPartOf":{"@id":"https:\/\/antrotsenter.ee\/#website"},"datePublished":"2016-11-12T18:44:10+00:00","dateModified":"2016-11-13T08:32:40+00:00","breadcrumb":{"@id":"https:\/\/antrotsenter.ee\/uldtingimused\/andmete-kaitse-ja-tootlemise-pohimotted\/#breadcrumb"},"inLanguage":"en-US","potentialAction":[{"@type":"ReadAction","target":["https:\/\/antrotsenter.ee\/uldtingimused\/andmete-kaitse-ja-tootlemise-pohimotted\/"]}]},{"@type":"BreadcrumbList","@id":"https:\/\/antrotsenter.ee\/uldtingimused\/andmete-kaitse-ja-tootlemise-pohimotted\/#breadcrumb","itemListElement":[{"@type":"ListItem","position":1,"name":"Home","item":"https:\/\/antrotsenter.ee\/"},{"@type":"ListItem","position":2,"name":"GENERAL TERMS","item":"https:\/\/antrotsenter.ee\/uldtingimused\/"},{"@type":"ListItem","position":3,"name":"DATA PROCESSING AND PROTECTION PRINCIPLES"}]},{"@type":"WebSite","@id":"https:\/\/antrotsenter.ee\/#website","url":"https:\/\/antrotsenter.ee\/","name":"Antrotsenter","description":"K\u00f5ik tehnilised lahendused igale v\u00f5istlusele ja v\u00f5istluste korraldajale","potentialAction":[{"@type":"SearchAction","target":{"@type":"EntryPoint","urlTemplate":"https:\/\/antrotsenter.ee\/?s={search_term_string}"},"query-input":{"@type":"PropertyValueSpecification","valueRequired":true,"valueName":"search_term_string"}}],"inLanguage":"en-US"}]}},"_links":{"self":[{"href":"https:\/\/antrotsenter.ee\/en\/wp-json\/wp\/v2\/pages\/956"}],"collection":[{"href":"https:\/\/antrotsenter.ee\/en\/wp-json\/wp\/v2\/pages"}],"about":[{"href":"https:\/\/antrotsenter.ee\/en\/wp-json\/wp\/v2\/types\/page"}],"author":[{"embeddable":true,"href":"https:\/\/antrotsenter.ee\/en\/wp-json\/wp\/v2\/users\/2"}],"replies":[{"embeddable":true,"href":"https:\/\/antrotsenter.ee\/en\/wp-json\/wp\/v2\/comments?post=956"}],"version-history":[{"count":0,"href":"https:\/\/antrotsenter.ee\/en\/wp-json\/wp\/v2\/pages\/956\/revisions"}],"up":[{"embeddable":true,"href":"https:\/\/antrotsenter.ee\/en\/wp-json\/wp\/v2\/pages\/896"}],"wp:attachment":[{"href":"https:\/\/antrotsenter.ee\/en\/wp-json\/wp\/v2\/media?parent=956"}],"curies":[{"name":"wp","href":"https:\/\/api.w.org\/{rel}","templated":true}]}}