{"id":944,"date":"2016-11-12T20:18:51","date_gmt":"2016-11-12T18:18:51","guid":{"rendered":"http:\/\/antrotsenter.ee\/en\/?page_id=944"},"modified":"2016-11-12T20:19:40","modified_gmt":"2016-11-12T18:19:40","slug":"liability","status":"publish","type":"page","link":"https:\/\/antrotsenter.ee\/en\/general-terms\/liability\/","title":{"rendered":"LIABILITY AND DISPUTES"},"content":{"rendered":"<p>The Purchaser has a right according to \u00a0sales contract terms, the non-conforming goods (goods with defects), to submit complaints to the Seller within 2 (two) years from the date of delivery of the goods. Every complaint must be made immediately, but not later than 2 (two) months from the date You discoveried the defect.<\/p>\n<p>Right after the defect detecting the Purchaser have to adopt reasonable measures to preserve and protect the goods. It means not use defective goods if the using may cause more injuries or decrease value.<\/p>\n<p>In case the sales contract includes discrepancy the Purchaser is able to rely on the statutory remedies, including demand to repair, replacement, or withdraw from the sales contract and return the defective goods.<\/p>\n<p>Seller is not responsible for the Purchaser fault caused goods deterioration, damage, defects, which are related \u00a0goods non-compliant with the manufacturer&#8217;s instructions or the normal physical wear during the tear of normal using.<\/p>\n<p>If the Seller or Producer had given warranty shall be given the written warranty terms to Purchaser or shall be made availability electronically in e-shop.<\/p>\n<p>To solve subsequent issues, the Purchaser has to present sales documents: invoice and order, confirmation. These shall prove that goods were bought from Antrotsenter e-shop. Without sales documents the Seller leave complaint as unsolved.<\/p>\n<p>The complaints which are related with goods from e-shop, the Purchaser can submit to the Seller e-mail <a href=\"mailto:info@antrotsenter.ee\">info@antrotsenter.ee<\/a> and retun the goods to the address \u00dcles\u00f5idu 7B, KEILA, 76608, Estonia.<\/p>\n<p>The complaints which are related with goods from e-shop, the Purchaser can submit to the Seller e-mail info@antrotsenter.ee and return the goods to the address \u00dcles\u00f5idu 7B, KEILA, 76608, Estonia.<\/p>\n<p>disadvantages of commodity shall resolved pursuant to the terms of Seller claims procedure which is an integral part of sales contract and purchase terms and approved by the purchaser before the contract of sale is concluded.<\/p>\n<p>Seller shall ensure the purchasable goods in e-shop meet in force European Union standards.<\/p>\n<p>The Purchaser has right to give appeal to the competent supervisory authority as National Consumer Protection Board, Rahukohtu 2, Tallinn, 10130, e-mail: <a href=\"mailto:info@tka.riik.ee\">info@tka.riik.ee<\/a>. Commission of consumer disputies has jurisdiction to resolve disputes between seller and purchaser, what parts could not resolve by agreement. Additional information to resolve complaints <a href=\"http:\/\/ec.europa.eu\/consumers\/odr\/\">http:\/\/ec.europa.eu\/consumers\/odr\/<\/a>.<\/p>\n","protected":false},"excerpt":{"rendered":"<p>The Purchaser has a right according to \u00a0sales contract terms, the non-conforming goods (goods with defects), to submit complaints to the Seller within 2 (two) years from the date of delivery of the goods. Every complaint must be made immediately, but not later than 2 (two) months from the date You discoveried the defect. Right [&hellip;]<\/p>\n","protected":false},"author":2,"featured_media":0,"parent":896,"menu_order":0,"comment_status":"closed","ping_status":"closed","template":"","meta":{"footnotes":""},"class_list":["post-944","page","type-page","status-publish","hentry"],"yoast_head":"<!-- This site is optimized with the Yoast SEO plugin v25.4 - https:\/\/yoast.com\/wordpress\/plugins\/seo\/ -->\n<title>LIABILITY AND DISPUTES &#187; Antrotsenter<\/title>\n<meta name=\"robots\" content=\"index, follow, max-snippet:-1, max-image-preview:large, max-video-preview:-1\" \/>\n<link rel=\"canonical\" href=\"https:\/\/antrotsenter.ee\/uldtingimused\/vastutus-ja-vaidluste-lahendamine\/\" \/>\n<meta property=\"og:locale\" content=\"en_US\" \/>\n<meta property=\"og:type\" content=\"article\" \/>\n<meta property=\"og:title\" content=\"LIABILITY AND DISPUTES &#187; Antrotsenter\" \/>\n<meta property=\"og:description\" content=\"The Purchaser has a right according to \u00a0sales contract terms, the non-conforming goods (goods with defects), to submit complaints to the Seller within 2 (two) years from the date of delivery of the goods. Every complaint must be made immediately, but not later than 2 (two) months from the date You discoveried the defect. Right [&hellip;]\" \/>\n<meta property=\"og:url\" content=\"https:\/\/antrotsenter.ee\/uldtingimused\/vastutus-ja-vaidluste-lahendamine\/\" \/>\n<meta property=\"og:site_name\" content=\"Antrotsenter\" \/>\n<meta property=\"article:modified_time\" content=\"2016-11-12T18:19:40+00:00\" \/>\n<meta name=\"twitter:card\" content=\"summary_large_image\" \/>\n<meta name=\"twitter:label1\" content=\"Est. reading time\" \/>\n\t<meta name=\"twitter:data1\" content=\"2 minutes\" \/>\n<script type=\"application\/ld+json\" class=\"yoast-schema-graph\">{\"@context\":\"https:\/\/schema.org\",\"@graph\":[{\"@type\":\"WebPage\",\"@id\":\"https:\/\/antrotsenter.ee\/uldtingimused\/vastutus-ja-vaidluste-lahendamine\/\",\"url\":\"https:\/\/antrotsenter.ee\/uldtingimused\/vastutus-ja-vaidluste-lahendamine\/\",\"name\":\"LIABILITY AND DISPUTES &#187; Antrotsenter\",\"isPartOf\":{\"@id\":\"https:\/\/antrotsenter.ee\/#website\"},\"datePublished\":\"2016-11-12T18:18:51+00:00\",\"dateModified\":\"2016-11-12T18:19:40+00:00\",\"breadcrumb\":{\"@id\":\"https:\/\/antrotsenter.ee\/uldtingimused\/vastutus-ja-vaidluste-lahendamine\/#breadcrumb\"},\"inLanguage\":\"en-US\",\"potentialAction\":[{\"@type\":\"ReadAction\",\"target\":[\"https:\/\/antrotsenter.ee\/uldtingimused\/vastutus-ja-vaidluste-lahendamine\/\"]}]},{\"@type\":\"BreadcrumbList\",\"@id\":\"https:\/\/antrotsenter.ee\/uldtingimused\/vastutus-ja-vaidluste-lahendamine\/#breadcrumb\",\"itemListElement\":[{\"@type\":\"ListItem\",\"position\":1,\"name\":\"Home\",\"item\":\"https:\/\/antrotsenter.ee\/\"},{\"@type\":\"ListItem\",\"position\":2,\"name\":\"GENERAL TERMS\",\"item\":\"https:\/\/antrotsenter.ee\/uldtingimused\/\"},{\"@type\":\"ListItem\",\"position\":3,\"name\":\"LIABILITY AND DISPUTES\"}]},{\"@type\":\"WebSite\",\"@id\":\"https:\/\/antrotsenter.ee\/#website\",\"url\":\"https:\/\/antrotsenter.ee\/\",\"name\":\"Antrotsenter\",\"description\":\"K\u00f5ik tehnilised lahendused igale v\u00f5istlusele ja v\u00f5istluste korraldajale\",\"potentialAction\":[{\"@type\":\"SearchAction\",\"target\":{\"@type\":\"EntryPoint\",\"urlTemplate\":\"https:\/\/antrotsenter.ee\/?s={search_term_string}\"},\"query-input\":{\"@type\":\"PropertyValueSpecification\",\"valueRequired\":true,\"valueName\":\"search_term_string\"}}],\"inLanguage\":\"en-US\"}]}<\/script>\n<!-- \/ Yoast SEO plugin. -->","yoast_head_json":{"title":"LIABILITY AND DISPUTES &#187; Antrotsenter","robots":{"index":"index","follow":"follow","max-snippet":"max-snippet:-1","max-image-preview":"max-image-preview:large","max-video-preview":"max-video-preview:-1"},"canonical":"https:\/\/antrotsenter.ee\/uldtingimused\/vastutus-ja-vaidluste-lahendamine\/","og_locale":"en_US","og_type":"article","og_title":"LIABILITY AND DISPUTES &#187; Antrotsenter","og_description":"The Purchaser has a right according to \u00a0sales contract terms, the non-conforming goods (goods with defects), to submit complaints to the Seller within 2 (two) years from the date of delivery of the goods. Every complaint must be made immediately, but not later than 2 (two) months from the date You discoveried the defect. Right [&hellip;]","og_url":"https:\/\/antrotsenter.ee\/uldtingimused\/vastutus-ja-vaidluste-lahendamine\/","og_site_name":"Antrotsenter","article_modified_time":"2016-11-12T18:19:40+00:00","twitter_card":"summary_large_image","twitter_misc":{"Est. reading time":"2 minutes"},"schema":{"@context":"https:\/\/schema.org","@graph":[{"@type":"WebPage","@id":"https:\/\/antrotsenter.ee\/uldtingimused\/vastutus-ja-vaidluste-lahendamine\/","url":"https:\/\/antrotsenter.ee\/uldtingimused\/vastutus-ja-vaidluste-lahendamine\/","name":"LIABILITY AND DISPUTES &#187; Antrotsenter","isPartOf":{"@id":"https:\/\/antrotsenter.ee\/#website"},"datePublished":"2016-11-12T18:18:51+00:00","dateModified":"2016-11-12T18:19:40+00:00","breadcrumb":{"@id":"https:\/\/antrotsenter.ee\/uldtingimused\/vastutus-ja-vaidluste-lahendamine\/#breadcrumb"},"inLanguage":"en-US","potentialAction":[{"@type":"ReadAction","target":["https:\/\/antrotsenter.ee\/uldtingimused\/vastutus-ja-vaidluste-lahendamine\/"]}]},{"@type":"BreadcrumbList","@id":"https:\/\/antrotsenter.ee\/uldtingimused\/vastutus-ja-vaidluste-lahendamine\/#breadcrumb","itemListElement":[{"@type":"ListItem","position":1,"name":"Home","item":"https:\/\/antrotsenter.ee\/"},{"@type":"ListItem","position":2,"name":"GENERAL TERMS","item":"https:\/\/antrotsenter.ee\/uldtingimused\/"},{"@type":"ListItem","position":3,"name":"LIABILITY AND DISPUTES"}]},{"@type":"WebSite","@id":"https:\/\/antrotsenter.ee\/#website","url":"https:\/\/antrotsenter.ee\/","name":"Antrotsenter","description":"K\u00f5ik tehnilised lahendused igale v\u00f5istlusele ja v\u00f5istluste korraldajale","potentialAction":[{"@type":"SearchAction","target":{"@type":"EntryPoint","urlTemplate":"https:\/\/antrotsenter.ee\/?s={search_term_string}"},"query-input":{"@type":"PropertyValueSpecification","valueRequired":true,"valueName":"search_term_string"}}],"inLanguage":"en-US"}]}},"_links":{"self":[{"href":"https:\/\/antrotsenter.ee\/en\/wp-json\/wp\/v2\/pages\/944"}],"collection":[{"href":"https:\/\/antrotsenter.ee\/en\/wp-json\/wp\/v2\/pages"}],"about":[{"href":"https:\/\/antrotsenter.ee\/en\/wp-json\/wp\/v2\/types\/page"}],"author":[{"embeddable":true,"href":"https:\/\/antrotsenter.ee\/en\/wp-json\/wp\/v2\/users\/2"}],"replies":[{"embeddable":true,"href":"https:\/\/antrotsenter.ee\/en\/wp-json\/wp\/v2\/comments?post=944"}],"version-history":[{"count":0,"href":"https:\/\/antrotsenter.ee\/en\/wp-json\/wp\/v2\/pages\/944\/revisions"}],"up":[{"embeddable":true,"href":"https:\/\/antrotsenter.ee\/en\/wp-json\/wp\/v2\/pages\/896"}],"wp:attachment":[{"href":"https:\/\/antrotsenter.ee\/en\/wp-json\/wp\/v2\/media?parent=944"}],"curies":[{"name":"wp","href":"https:\/\/api.w.org\/{rel}","templated":true}]}}