{"id":910,"date":"2016-11-11T14:22:36","date_gmt":"2016-11-11T12:22:36","guid":{"rendered":"http:\/\/antrotsenter.ee\/en\/?page_id=910"},"modified":"2016-11-11T15:09:09","modified_gmt":"2016-11-11T13:09:09","slug":"delivery","status":"publish","type":"page","link":"https:\/\/antrotsenter.ee\/en\/general-terms\/delivery\/","title":{"rendered":"DELIVERY"},"content":{"rendered":"<p>The goods will be delivered to the buyer&#8217;s entered delivery address on order. The buyer will be be informed of delivering via e-mail.<\/p>\n<p>Please check the address precision to avoid delays and misunderstandings of delivery process. The Seller and the courier company is not responsible for delivery delays and misunderstandings caused by the Buyer ordered data inaccuracies or mistakes.<\/p>\n<p>The shipping is organized by courier company or according to the agreement another way.<\/p>\n<p>If the buyer does not collect ordered goods during fourteen (14) days after the agreed date it will be deemed that the buyer has breached the contract of sale, and he did not get the goods. The Seller has the right to unilaterally withdraw from the sales contract and to demand compensation for detriment (such as the cost of storage) and offset against the spending from the Buyer prepaid amount.<\/p>\n","protected":false},"excerpt":{"rendered":"<p>The goods will be delivered to the buyer&#8217;s entered delivery address on order. The buyer will be be informed of delivering via e-mail. Please check the address precision to avoid delays and misunderstandings of delivery process. The Seller and the courier company is not responsible for delivery delays and misunderstandings caused by the Buyer ordered [&hellip;]<\/p>\n","protected":false},"author":2,"featured_media":0,"parent":896,"menu_order":0,"comment_status":"closed","ping_status":"closed","template":"","meta":{"footnotes":""},"class_list":["post-910","page","type-page","status-publish","hentry"],"yoast_head":"<!-- This site is optimized with the Yoast SEO plugin v25.4 - https:\/\/yoast.com\/wordpress\/plugins\/seo\/ -->\n<title>DELIVERY &#187; Antrotsenter<\/title>\n<meta name=\"robots\" content=\"index, follow, max-snippet:-1, max-image-preview:large, max-video-preview:-1\" \/>\n<link rel=\"canonical\" href=\"https:\/\/antrotsenter.ee\/uldtingimused\/tasumine-transport\/\" \/>\n<meta property=\"og:locale\" content=\"en_US\" \/>\n<meta property=\"og:type\" content=\"article\" \/>\n<meta property=\"og:title\" content=\"DELIVERY &#187; Antrotsenter\" \/>\n<meta property=\"og:description\" content=\"The goods will be delivered to the buyer&#8217;s entered delivery address on order. The buyer will be be informed of delivering via e-mail. Please check the address precision to avoid delays and misunderstandings of delivery process. The Seller and the courier company is not responsible for delivery delays and misunderstandings caused by the Buyer ordered [&hellip;]\" \/>\n<meta property=\"og:url\" content=\"https:\/\/antrotsenter.ee\/uldtingimused\/tasumine-transport\/\" \/>\n<meta property=\"og:site_name\" content=\"Antrotsenter\" \/>\n<meta property=\"article:modified_time\" content=\"2016-11-11T13:09:09+00:00\" \/>\n<meta name=\"twitter:card\" content=\"summary_large_image\" \/>\n<meta name=\"twitter:label1\" content=\"Est. reading time\" \/>\n\t<meta name=\"twitter:data1\" content=\"1 minute\" \/>\n<script type=\"application\/ld+json\" class=\"yoast-schema-graph\">{\"@context\":\"https:\/\/schema.org\",\"@graph\":[{\"@type\":\"WebPage\",\"@id\":\"https:\/\/antrotsenter.ee\/uldtingimused\/tasumine-transport\/\",\"url\":\"https:\/\/antrotsenter.ee\/uldtingimused\/tasumine-transport\/\",\"name\":\"DELIVERY &#187; Antrotsenter\",\"isPartOf\":{\"@id\":\"https:\/\/antrotsenter.ee\/#website\"},\"datePublished\":\"2016-11-11T12:22:36+00:00\",\"dateModified\":\"2016-11-11T13:09:09+00:00\",\"breadcrumb\":{\"@id\":\"https:\/\/antrotsenter.ee\/uldtingimused\/tasumine-transport\/#breadcrumb\"},\"inLanguage\":\"en-US\",\"potentialAction\":[{\"@type\":\"ReadAction\",\"target\":[\"https:\/\/antrotsenter.ee\/uldtingimused\/tasumine-transport\/\"]}]},{\"@type\":\"BreadcrumbList\",\"@id\":\"https:\/\/antrotsenter.ee\/uldtingimused\/tasumine-transport\/#breadcrumb\",\"itemListElement\":[{\"@type\":\"ListItem\",\"position\":1,\"name\":\"Home\",\"item\":\"https:\/\/antrotsenter.ee\/\"},{\"@type\":\"ListItem\",\"position\":2,\"name\":\"GENERAL TERMS\",\"item\":\"https:\/\/antrotsenter.ee\/uldtingimused\/\"},{\"@type\":\"ListItem\",\"position\":3,\"name\":\"DELIVERY\"}]},{\"@type\":\"WebSite\",\"@id\":\"https:\/\/antrotsenter.ee\/#website\",\"url\":\"https:\/\/antrotsenter.ee\/\",\"name\":\"Antrotsenter\",\"description\":\"K\u00f5ik tehnilised lahendused igale v\u00f5istlusele ja v\u00f5istluste korraldajale\",\"potentialAction\":[{\"@type\":\"SearchAction\",\"target\":{\"@type\":\"EntryPoint\",\"urlTemplate\":\"https:\/\/antrotsenter.ee\/?s={search_term_string}\"},\"query-input\":{\"@type\":\"PropertyValueSpecification\",\"valueRequired\":true,\"valueName\":\"search_term_string\"}}],\"inLanguage\":\"en-US\"}]}<\/script>\n<!-- \/ Yoast SEO plugin. -->","yoast_head_json":{"title":"DELIVERY &#187; Antrotsenter","robots":{"index":"index","follow":"follow","max-snippet":"max-snippet:-1","max-image-preview":"max-image-preview:large","max-video-preview":"max-video-preview:-1"},"canonical":"https:\/\/antrotsenter.ee\/uldtingimused\/tasumine-transport\/","og_locale":"en_US","og_type":"article","og_title":"DELIVERY &#187; Antrotsenter","og_description":"The goods will be delivered to the buyer&#8217;s entered delivery address on order. The buyer will be be informed of delivering via e-mail. Please check the address precision to avoid delays and misunderstandings of delivery process. The Seller and the courier company is not responsible for delivery delays and misunderstandings caused by the Buyer ordered [&hellip;]","og_url":"https:\/\/antrotsenter.ee\/uldtingimused\/tasumine-transport\/","og_site_name":"Antrotsenter","article_modified_time":"2016-11-11T13:09:09+00:00","twitter_card":"summary_large_image","twitter_misc":{"Est. reading time":"1 minute"},"schema":{"@context":"https:\/\/schema.org","@graph":[{"@type":"WebPage","@id":"https:\/\/antrotsenter.ee\/uldtingimused\/tasumine-transport\/","url":"https:\/\/antrotsenter.ee\/uldtingimused\/tasumine-transport\/","name":"DELIVERY &#187; Antrotsenter","isPartOf":{"@id":"https:\/\/antrotsenter.ee\/#website"},"datePublished":"2016-11-11T12:22:36+00:00","dateModified":"2016-11-11T13:09:09+00:00","breadcrumb":{"@id":"https:\/\/antrotsenter.ee\/uldtingimused\/tasumine-transport\/#breadcrumb"},"inLanguage":"en-US","potentialAction":[{"@type":"ReadAction","target":["https:\/\/antrotsenter.ee\/uldtingimused\/tasumine-transport\/"]}]},{"@type":"BreadcrumbList","@id":"https:\/\/antrotsenter.ee\/uldtingimused\/tasumine-transport\/#breadcrumb","itemListElement":[{"@type":"ListItem","position":1,"name":"Home","item":"https:\/\/antrotsenter.ee\/"},{"@type":"ListItem","position":2,"name":"GENERAL TERMS","item":"https:\/\/antrotsenter.ee\/uldtingimused\/"},{"@type":"ListItem","position":3,"name":"DELIVERY"}]},{"@type":"WebSite","@id":"https:\/\/antrotsenter.ee\/#website","url":"https:\/\/antrotsenter.ee\/","name":"Antrotsenter","description":"K\u00f5ik tehnilised lahendused igale v\u00f5istlusele ja v\u00f5istluste korraldajale","potentialAction":[{"@type":"SearchAction","target":{"@type":"EntryPoint","urlTemplate":"https:\/\/antrotsenter.ee\/?s={search_term_string}"},"query-input":{"@type":"PropertyValueSpecification","valueRequired":true,"valueName":"search_term_string"}}],"inLanguage":"en-US"}]}},"_links":{"self":[{"href":"https:\/\/antrotsenter.ee\/en\/wp-json\/wp\/v2\/pages\/910"}],"collection":[{"href":"https:\/\/antrotsenter.ee\/en\/wp-json\/wp\/v2\/pages"}],"about":[{"href":"https:\/\/antrotsenter.ee\/en\/wp-json\/wp\/v2\/types\/page"}],"author":[{"embeddable":true,"href":"https:\/\/antrotsenter.ee\/en\/wp-json\/wp\/v2\/users\/2"}],"replies":[{"embeddable":true,"href":"https:\/\/antrotsenter.ee\/en\/wp-json\/wp\/v2\/comments?post=910"}],"version-history":[{"count":0,"href":"https:\/\/antrotsenter.ee\/en\/wp-json\/wp\/v2\/pages\/910\/revisions"}],"up":[{"embeddable":true,"href":"https:\/\/antrotsenter.ee\/en\/wp-json\/wp\/v2\/pages\/896"}],"wp:attachment":[{"href":"https:\/\/antrotsenter.ee\/en\/wp-json\/wp\/v2\/media?parent=910"}],"curies":[{"name":"wp","href":"https:\/\/api.w.org\/{rel}","templated":true}]}}