{"id":896,"date":"2016-11-11T11:30:12","date_gmt":"2016-11-11T09:30:12","guid":{"rendered":"http:\/\/antrotsenter.ee\/en\/?page_id=896"},"modified":"2016-11-11T12:23:01","modified_gmt":"2016-11-11T10:23:01","slug":"general-terms","status":"publish","type":"page","link":"https:\/\/antrotsenter.ee\/en\/general-terms\/","title":{"rendered":"GENERAL TERMS"},"content":{"rendered":"<p>These General Terms and Conditions of Sale govern all the rights and obligations of the buyer and of the ANTROTSENTER O\u00dc (hereinafter seller) for all orders placed remotely via the Internet site <a href=\"http:\/\/www.antrotsenter.ee\">www.antrotsenter.ee<\/a>.<\/p>\n<p>These general terms govern without restriction for any order on the Site and implies the Customer&#8217;s full acceptance. They constitute, with the validation and confirmation of the order, the contract concluded between Seller and the Customer.<\/p>\n<p>Product images are for illustrative purposes.<\/p>\n<p>The prices of goods and availability are subject to change without notice. In this case, the Seller reserves the right to withdraw from the sale and refund the money to the customer&#8217;s bank account within 10 working days.<\/p>\n<p>Seller reserves the right to withdraw from the sale, if the goods have happened any of the following problems: has happened human mistake or technical failure, the value is inserted into the system wrongly (for example, the goods with value \u20ac 700 has inserted as \u20ac 70).<\/p>\n<p>Product information will be reviewed and improved regularly. Data can be renewed after your last visit. In relation to the producers good\u00b4s description failure, it may occur product infos inaccuracies. In this case, the seller will not accept liability for the correctness of the data.<\/p>\n<p>These sellers e-shop conditions are valid from 12.01.2016.<\/p>\n","protected":false},"excerpt":{"rendered":"<p>These General Terms and Conditions of Sale govern all the rights and obligations of the buyer and of the ANTROTSENTER O\u00dc (hereinafter seller) for all orders placed remotely via the Internet site www.antrotsenter.ee. These general terms govern without restriction for any order on the Site and implies the Customer&#8217;s full acceptance. They constitute, with the [&hellip;]<\/p>\n","protected":false},"author":2,"featured_media":0,"parent":0,"menu_order":0,"comment_status":"closed","ping_status":"closed","template":"","meta":{"footnotes":""},"class_list":["post-896","page","type-page","status-publish","hentry"],"yoast_head":"<!-- This site is optimized with the Yoast SEO plugin v25.4 - https:\/\/yoast.com\/wordpress\/plugins\/seo\/ -->\n<title>GENERAL TERMS &#187; Antrotsenter<\/title>\n<meta name=\"robots\" content=\"index, follow, max-snippet:-1, max-image-preview:large, max-video-preview:-1\" \/>\n<link rel=\"canonical\" href=\"https:\/\/antrotsenter.ee\/uldtingimused\/\" \/>\n<meta property=\"og:locale\" content=\"en_US\" \/>\n<meta property=\"og:type\" content=\"article\" \/>\n<meta property=\"og:title\" content=\"GENERAL TERMS &#187; Antrotsenter\" \/>\n<meta property=\"og:description\" content=\"These General Terms and Conditions of Sale govern all the rights and obligations of the buyer and of the ANTROTSENTER O\u00dc (hereinafter seller) for all orders placed remotely via the Internet site www.antrotsenter.ee. These general terms govern without restriction for any order on the Site and implies the Customer&#8217;s full acceptance. They constitute, with the [&hellip;]\" \/>\n<meta property=\"og:url\" content=\"https:\/\/antrotsenter.ee\/uldtingimused\/\" \/>\n<meta property=\"og:site_name\" content=\"Antrotsenter\" \/>\n<meta property=\"article:modified_time\" content=\"2016-11-11T10:23:01+00:00\" \/>\n<meta name=\"twitter:card\" content=\"summary_large_image\" \/>\n<meta name=\"twitter:label1\" content=\"Est. reading time\" \/>\n\t<meta name=\"twitter:data1\" content=\"1 minute\" \/>\n<script type=\"application\/ld+json\" class=\"yoast-schema-graph\">{\"@context\":\"https:\/\/schema.org\",\"@graph\":[{\"@type\":\"WebPage\",\"@id\":\"https:\/\/antrotsenter.ee\/uldtingimused\/\",\"url\":\"https:\/\/antrotsenter.ee\/uldtingimused\/\",\"name\":\"GENERAL TERMS &#187; Antrotsenter\",\"isPartOf\":{\"@id\":\"https:\/\/antrotsenter.ee\/#website\"},\"datePublished\":\"2016-11-11T09:30:12+00:00\",\"dateModified\":\"2016-11-11T10:23:01+00:00\",\"breadcrumb\":{\"@id\":\"https:\/\/antrotsenter.ee\/uldtingimused\/#breadcrumb\"},\"inLanguage\":\"en-US\",\"potentialAction\":[{\"@type\":\"ReadAction\",\"target\":[\"https:\/\/antrotsenter.ee\/uldtingimused\/\"]}]},{\"@type\":\"BreadcrumbList\",\"@id\":\"https:\/\/antrotsenter.ee\/uldtingimused\/#breadcrumb\",\"itemListElement\":[{\"@type\":\"ListItem\",\"position\":1,\"name\":\"Home\",\"item\":\"https:\/\/antrotsenter.ee\/\"},{\"@type\":\"ListItem\",\"position\":2,\"name\":\"GENERAL TERMS\"}]},{\"@type\":\"WebSite\",\"@id\":\"https:\/\/antrotsenter.ee\/#website\",\"url\":\"https:\/\/antrotsenter.ee\/\",\"name\":\"Antrotsenter\",\"description\":\"K\u00f5ik tehnilised lahendused igale v\u00f5istlusele ja v\u00f5istluste korraldajale\",\"potentialAction\":[{\"@type\":\"SearchAction\",\"target\":{\"@type\":\"EntryPoint\",\"urlTemplate\":\"https:\/\/antrotsenter.ee\/?s={search_term_string}\"},\"query-input\":{\"@type\":\"PropertyValueSpecification\",\"valueRequired\":true,\"valueName\":\"search_term_string\"}}],\"inLanguage\":\"en-US\"}]}<\/script>\n<!-- \/ Yoast SEO plugin. -->","yoast_head_json":{"title":"GENERAL TERMS &#187; Antrotsenter","robots":{"index":"index","follow":"follow","max-snippet":"max-snippet:-1","max-image-preview":"max-image-preview:large","max-video-preview":"max-video-preview:-1"},"canonical":"https:\/\/antrotsenter.ee\/uldtingimused\/","og_locale":"en_US","og_type":"article","og_title":"GENERAL TERMS &#187; Antrotsenter","og_description":"These General Terms and Conditions of Sale govern all the rights and obligations of the buyer and of the ANTROTSENTER O\u00dc (hereinafter seller) for all orders placed remotely via the Internet site www.antrotsenter.ee. These general terms govern without restriction for any order on the Site and implies the Customer&#8217;s full acceptance. They constitute, with the [&hellip;]","og_url":"https:\/\/antrotsenter.ee\/uldtingimused\/","og_site_name":"Antrotsenter","article_modified_time":"2016-11-11T10:23:01+00:00","twitter_card":"summary_large_image","twitter_misc":{"Est. reading time":"1 minute"},"schema":{"@context":"https:\/\/schema.org","@graph":[{"@type":"WebPage","@id":"https:\/\/antrotsenter.ee\/uldtingimused\/","url":"https:\/\/antrotsenter.ee\/uldtingimused\/","name":"GENERAL TERMS &#187; Antrotsenter","isPartOf":{"@id":"https:\/\/antrotsenter.ee\/#website"},"datePublished":"2016-11-11T09:30:12+00:00","dateModified":"2016-11-11T10:23:01+00:00","breadcrumb":{"@id":"https:\/\/antrotsenter.ee\/uldtingimused\/#breadcrumb"},"inLanguage":"en-US","potentialAction":[{"@type":"ReadAction","target":["https:\/\/antrotsenter.ee\/uldtingimused\/"]}]},{"@type":"BreadcrumbList","@id":"https:\/\/antrotsenter.ee\/uldtingimused\/#breadcrumb","itemListElement":[{"@type":"ListItem","position":1,"name":"Home","item":"https:\/\/antrotsenter.ee\/"},{"@type":"ListItem","position":2,"name":"GENERAL TERMS"}]},{"@type":"WebSite","@id":"https:\/\/antrotsenter.ee\/#website","url":"https:\/\/antrotsenter.ee\/","name":"Antrotsenter","description":"K\u00f5ik tehnilised lahendused igale v\u00f5istlusele ja v\u00f5istluste korraldajale","potentialAction":[{"@type":"SearchAction","target":{"@type":"EntryPoint","urlTemplate":"https:\/\/antrotsenter.ee\/?s={search_term_string}"},"query-input":{"@type":"PropertyValueSpecification","valueRequired":true,"valueName":"search_term_string"}}],"inLanguage":"en-US"}]}},"_links":{"self":[{"href":"https:\/\/antrotsenter.ee\/en\/wp-json\/wp\/v2\/pages\/896"}],"collection":[{"href":"https:\/\/antrotsenter.ee\/en\/wp-json\/wp\/v2\/pages"}],"about":[{"href":"https:\/\/antrotsenter.ee\/en\/wp-json\/wp\/v2\/types\/page"}],"author":[{"embeddable":true,"href":"https:\/\/antrotsenter.ee\/en\/wp-json\/wp\/v2\/users\/2"}],"replies":[{"embeddable":true,"href":"https:\/\/antrotsenter.ee\/en\/wp-json\/wp\/v2\/comments?post=896"}],"version-history":[{"count":0,"href":"https:\/\/antrotsenter.ee\/en\/wp-json\/wp\/v2\/pages\/896\/revisions"}],"wp:attachment":[{"href":"https:\/\/antrotsenter.ee\/en\/wp-json\/wp\/v2\/media?parent=896"}],"curies":[{"name":"wp","href":"https:\/\/api.w.org\/{rel}","templated":true}]}}