{"id":874,"date":"2016-11-10T11:25:57","date_gmt":"2016-11-10T09:25:57","guid":{"rendered":"http:\/\/antrotsenter.ee\/en\/?page_id=874"},"modified":"2016-11-10T11:53:53","modified_gmt":"2016-11-10T09:53:53","slug":"rental","status":"publish","type":"page","link":"https:\/\/antrotsenter.ee\/en\/rental\/","title":{"rendered":"RENTAL EQUIPMENT"},"content":{"rendered":"<h4 style=\"text-align: center;\">HERE YOU CAN FIND NEEDFUL EQUIPMENT FOR EVENT ORGANIZING WHICH WOULD NOT REASONABLE TO BUY FOR SINGLE EVENT AND WHICH WOULD BE MORE PROFITABLE TO USE THEIR SUPPORT WHO HAVE THESE GOODS ALREADY.<\/h4>\n<p>Amount of events which bring whole the year hundreds even thousands of people to enjoy\u00a0 sporting, wedding of friend, disco, willage party or somewhere else where voice of host would be stay humble for info forwarding\u00a0or music backround.<\/p>\n<p>We provide sound solution for up to 200 people and bigger concert solution\u00a012 kW for events up to 2000 participants. The set includes mixer and microphones.<\/p>\n<p>Also provide different needful equipment for event organizers ex: tents, folding tables, electricity power cables, track signs, bike racks, carpets.<\/p>\n","protected":false},"excerpt":{"rendered":"<p>HERE YOU CAN FIND NEEDFUL EQUIPMENT FOR EVENT ORGANIZING WHICH WOULD NOT REASONABLE TO BUY FOR SINGLE EVENT AND WHICH WOULD BE MORE PROFITABLE TO USE THEIR SUPPORT WHO HAVE THESE GOODS ALREADY. Amount of events which bring whole the year hundreds even thousands of people to enjoy\u00a0 sporting, wedding of friend, disco, willage party [&hellip;]<\/p>\n","protected":false},"author":2,"featured_media":0,"parent":0,"menu_order":0,"comment_status":"closed","ping_status":"closed","template":"","meta":{"footnotes":""},"class_list":["post-874","page","type-page","status-publish","hentry"],"yoast_head":"<!-- This site is optimized with the Yoast SEO plugin v25.4 - https:\/\/yoast.com\/wordpress\/plugins\/seo\/ -->\n<title>RENTAL EQUIPMENT &#187; Antrotsenter<\/title>\n<meta name=\"robots\" content=\"index, follow, max-snippet:-1, max-image-preview:large, max-video-preview:-1\" \/>\n<link rel=\"canonical\" href=\"https:\/\/antrotsenter.ee\/varustuse-rent\/\" \/>\n<meta property=\"og:locale\" content=\"en_US\" \/>\n<meta property=\"og:type\" content=\"article\" \/>\n<meta property=\"og:title\" content=\"RENTAL EQUIPMENT &#187; Antrotsenter\" \/>\n<meta property=\"og:description\" content=\"HERE YOU CAN FIND NEEDFUL EQUIPMENT FOR EVENT ORGANIZING WHICH WOULD NOT REASONABLE TO BUY FOR SINGLE EVENT AND WHICH WOULD BE MORE PROFITABLE TO USE THEIR SUPPORT WHO HAVE THESE GOODS ALREADY. Amount of events which bring whole the year hundreds even thousands of people to enjoy\u00a0 sporting, wedding of friend, disco, willage party [&hellip;]\" \/>\n<meta property=\"og:url\" content=\"https:\/\/antrotsenter.ee\/varustuse-rent\/\" \/>\n<meta property=\"og:site_name\" content=\"Antrotsenter\" \/>\n<meta property=\"article:modified_time\" content=\"2016-11-10T09:53:53+00:00\" \/>\n<meta name=\"twitter:card\" content=\"summary_large_image\" \/>\n<meta name=\"twitter:label1\" content=\"Est. reading time\" \/>\n\t<meta name=\"twitter:data1\" content=\"1 minute\" \/>\n<script type=\"application\/ld+json\" class=\"yoast-schema-graph\">{\"@context\":\"https:\/\/schema.org\",\"@graph\":[{\"@type\":\"WebPage\",\"@id\":\"https:\/\/antrotsenter.ee\/varustuse-rent\/\",\"url\":\"https:\/\/antrotsenter.ee\/varustuse-rent\/\",\"name\":\"RENTAL EQUIPMENT &#187; Antrotsenter\",\"isPartOf\":{\"@id\":\"https:\/\/antrotsenter.ee\/#website\"},\"datePublished\":\"2016-11-10T09:25:57+00:00\",\"dateModified\":\"2016-11-10T09:53:53+00:00\",\"breadcrumb\":{\"@id\":\"https:\/\/antrotsenter.ee\/varustuse-rent\/#breadcrumb\"},\"inLanguage\":\"en-US\",\"potentialAction\":[{\"@type\":\"ReadAction\",\"target\":[\"https:\/\/antrotsenter.ee\/varustuse-rent\/\"]}]},{\"@type\":\"BreadcrumbList\",\"@id\":\"https:\/\/antrotsenter.ee\/varustuse-rent\/#breadcrumb\",\"itemListElement\":[{\"@type\":\"ListItem\",\"position\":1,\"name\":\"Home\",\"item\":\"https:\/\/antrotsenter.ee\/\"},{\"@type\":\"ListItem\",\"position\":2,\"name\":\"RENTAL EQUIPMENT\"}]},{\"@type\":\"WebSite\",\"@id\":\"https:\/\/antrotsenter.ee\/#website\",\"url\":\"https:\/\/antrotsenter.ee\/\",\"name\":\"Antrotsenter\",\"description\":\"K\u00f5ik tehnilised lahendused igale v\u00f5istlusele ja v\u00f5istluste korraldajale\",\"potentialAction\":[{\"@type\":\"SearchAction\",\"target\":{\"@type\":\"EntryPoint\",\"urlTemplate\":\"https:\/\/antrotsenter.ee\/?s={search_term_string}\"},\"query-input\":{\"@type\":\"PropertyValueSpecification\",\"valueRequired\":true,\"valueName\":\"search_term_string\"}}],\"inLanguage\":\"en-US\"}]}<\/script>\n<!-- \/ Yoast SEO plugin. -->","yoast_head_json":{"title":"RENTAL EQUIPMENT &#187; Antrotsenter","robots":{"index":"index","follow":"follow","max-snippet":"max-snippet:-1","max-image-preview":"max-image-preview:large","max-video-preview":"max-video-preview:-1"},"canonical":"https:\/\/antrotsenter.ee\/varustuse-rent\/","og_locale":"en_US","og_type":"article","og_title":"RENTAL EQUIPMENT &#187; Antrotsenter","og_description":"HERE YOU CAN FIND NEEDFUL EQUIPMENT FOR EVENT ORGANIZING WHICH WOULD NOT REASONABLE TO BUY FOR SINGLE EVENT AND WHICH WOULD BE MORE PROFITABLE TO USE THEIR SUPPORT WHO HAVE THESE GOODS ALREADY. Amount of events which bring whole the year hundreds even thousands of people to enjoy\u00a0 sporting, wedding of friend, disco, willage party [&hellip;]","og_url":"https:\/\/antrotsenter.ee\/varustuse-rent\/","og_site_name":"Antrotsenter","article_modified_time":"2016-11-10T09:53:53+00:00","twitter_card":"summary_large_image","twitter_misc":{"Est. reading time":"1 minute"},"schema":{"@context":"https:\/\/schema.org","@graph":[{"@type":"WebPage","@id":"https:\/\/antrotsenter.ee\/varustuse-rent\/","url":"https:\/\/antrotsenter.ee\/varustuse-rent\/","name":"RENTAL EQUIPMENT &#187; Antrotsenter","isPartOf":{"@id":"https:\/\/antrotsenter.ee\/#website"},"datePublished":"2016-11-10T09:25:57+00:00","dateModified":"2016-11-10T09:53:53+00:00","breadcrumb":{"@id":"https:\/\/antrotsenter.ee\/varustuse-rent\/#breadcrumb"},"inLanguage":"en-US","potentialAction":[{"@type":"ReadAction","target":["https:\/\/antrotsenter.ee\/varustuse-rent\/"]}]},{"@type":"BreadcrumbList","@id":"https:\/\/antrotsenter.ee\/varustuse-rent\/#breadcrumb","itemListElement":[{"@type":"ListItem","position":1,"name":"Home","item":"https:\/\/antrotsenter.ee\/"},{"@type":"ListItem","position":2,"name":"RENTAL EQUIPMENT"}]},{"@type":"WebSite","@id":"https:\/\/antrotsenter.ee\/#website","url":"https:\/\/antrotsenter.ee\/","name":"Antrotsenter","description":"K\u00f5ik tehnilised lahendused igale v\u00f5istlusele ja v\u00f5istluste korraldajale","potentialAction":[{"@type":"SearchAction","target":{"@type":"EntryPoint","urlTemplate":"https:\/\/antrotsenter.ee\/?s={search_term_string}"},"query-input":{"@type":"PropertyValueSpecification","valueRequired":true,"valueName":"search_term_string"}}],"inLanguage":"en-US"}]}},"_links":{"self":[{"href":"https:\/\/antrotsenter.ee\/en\/wp-json\/wp\/v2\/pages\/874"}],"collection":[{"href":"https:\/\/antrotsenter.ee\/en\/wp-json\/wp\/v2\/pages"}],"about":[{"href":"https:\/\/antrotsenter.ee\/en\/wp-json\/wp\/v2\/types\/page"}],"author":[{"embeddable":true,"href":"https:\/\/antrotsenter.ee\/en\/wp-json\/wp\/v2\/users\/2"}],"replies":[{"embeddable":true,"href":"https:\/\/antrotsenter.ee\/en\/wp-json\/wp\/v2\/comments?post=874"}],"version-history":[{"count":0,"href":"https:\/\/antrotsenter.ee\/en\/wp-json\/wp\/v2\/pages\/874\/revisions"}],"wp:attachment":[{"href":"https:\/\/antrotsenter.ee\/en\/wp-json\/wp\/v2\/media?parent=874"}],"curies":[{"name":"wp","href":"https:\/\/api.w.org\/{rel}","templated":true}]}}