{"id":866,"date":"2016-03-14T12:53:52","date_gmt":"2016-03-14T10:53:52","guid":{"rendered":"http:\/\/antrotsenter.ee\/en\/timing\/kalender\/"},"modified":"2020-07-30T07:05:48","modified_gmt":"2020-07-30T04:05:48","slug":"kalender","status":"publish","type":"page","link":"https:\/\/antrotsenter.ee\/en\/timing\/kalender\/","title":{"rendered":"MEIE KALENDER &#8211; OUR CALENDAR"},"content":{"rendered":"<ul>\n<li>1.08.2020 Luunja triatlon<\/li>\n<li>1.08.2020 V\u00e4\u00e4tsa takistusjooks<\/li>\n<li>2.08.2020 V\u00e4gilase jooksusarja 2. etapp, L\u00e4hte<\/li>\n<li>7-8.08.2020 EUTR Estonia<\/li>\n<li>8.08.2020 J\u00e4rvakandi igamehemaraton<\/li>\n<li>9.08.2020 J\u00f5ulum\u00e4e krosstriatlon<\/li>\n<li>13.08.2020 \u00dclemiste City triatlon<\/li>\n<li>15.08.2020 Gravel grinder<\/li>\n<li>15-17.08.2020 Heavy Metal Ultra<\/li>\n<li>19.08.2020 K\u00f5rghoone kuninga jooks, Tehvandi<\/li>\n<li>22.08.2020 Solvalla triathlon<\/li>\n<li>22.08.2020&nbsp; TRIATHLON ESTONIA&nbsp; &nbsp;<span style=\"text-decoration: underline;\"><strong><span style=\"color: #ff0000;\"><a style=\"color: #ff0000; text-decoration: underline;\" href=\"http:\/\/triathlonestonia.ee\/triatlonile-registreerumine\/\">REGISTREERI V\u00d5ISTLUSELE<\/a><\/span><\/strong><\/span><\/li>\n<li>23.08.2020 V\u00e4gilase jooksusarja 3. etapp, Narva<\/li>\n<li>27.08.2020 1. Jalav\u00e4ebrigaadi MTB<\/li>\n<li>29.08.2020 KIHNU MARATON<\/li>\n<li>30.08.2020 J\u00c4RVA-JAANI 7. RATTARALLI<\/li>\n<li>10.09.2020 Saare j\u00e4rve jooks<\/li>\n<li>12.09.2020 Rocca al Mare Kooli spordip\u00e4ev &#8211; Meie matk<\/li>\n<li>15.09.2020 KEILA SEERIAJOOKSU 5. ETAPP &#8211; <span style=\"color: #0000ff;\"><a style=\"color: #0000ff;\" href=\"https:\/\/my.raceresult.com\/142785\/registration?lang=en\" target=\"_blank\" rel=\"noopener noreferrer\"><strong>REGISTREERI V\u00d5ISTLUSELE<\/strong><\/a><\/span><\/li>\n<li>16.09.2020 TRIATHLON ESTONIA S\u00dcGISENE BASSEINITRIATLON<\/li>\n<li>17.09.2020 KEILA SEERIAJOOKSU 6. ETAPP &#8211; <span style=\"color: #0000ff;\"><a style=\"color: #0000ff;\" href=\"https:\/\/my.raceresult.com\/142785\/registration?lang=en\" target=\"_blank\" rel=\"noopener noreferrer\"><strong>REGISTREERI V\u00d5ISTLUSELE<\/strong><\/a><\/span><\/li>\n<li>19.09.2020 52. RETROJOOKS \u00dcMBER KUREMAA J\u00c4RVE<\/li>\n<li>&#8211; <span style=\"color: #0000ff;\"><a style=\"color: #0000ff;\" href=\"https:\/\/my.raceresult.com\/148073\/?lang=en\" target=\"_blank\" rel=\"noopener noreferrer\"><strong>REGISTREERI V\u00d5ISTLUSELE<\/strong><\/a><\/span><\/li>\n<li>22.09.2020 KEILA SEERIAJOOKSU 7. ETAPP &#8211; <span style=\"color: #0000ff;\"><a style=\"color: #0000ff;\" href=\"https:\/\/my.raceresult.com\/142785\/registration?lang=en\" target=\"_blank\" rel=\"noopener noreferrer\"><strong>REGISTREERI V\u00d5ISTLUSELE<\/strong><\/a><\/span><\/li>\n<li>24.09.2020 KEILA SEERIAJOOKSU 8. ETAPP &#8211; <span style=\"color: #0000ff;\"><a style=\"color: #0000ff;\" href=\"https:\/\/my.raceresult.com\/142785\/registration?lang=en\" target=\"_blank\" rel=\"noopener noreferrer\"><strong>REGISTREERI V\u00d5ISTLUSELE<\/strong><\/a><\/span><\/li>\n<li>26.09.2020 Kolme koolimaja jooks<\/li>\n<li>26.09.2020 Tupiku igamehe maastikumaraton<\/li>\n<li>27.09.2020 Viimsi jooks<\/li>\n<li>4.10.2020 TAMME KARJ\u00c4\u00c4RI 4. RATTAKROSS<\/li>\n<li>10.10.2020 PULMAD STAADIONIL &#8211; KARMEN&amp;HEIKKI&nbsp; &#8211; <span style=\"color: #0000ff;\"><a style=\"color: #0000ff;\" href=\"https:\/\/my.raceresult.com\/148676\/registration?lang=en\" target=\"_blank\" rel=\"noopener noreferrer\"><strong>REGISTREERI V\u00d5ISTLUSELE<\/strong><\/a><\/span><\/li>\n<li>10.10.2020 Palivere suusaraja jooks<\/li>\n<li>__.10.2020 Vasalemma karj\u00e4\u00e4r &#8211; edasi l\u00fckatud<\/li>\n<li>18.10.2020 7-J\u00c4RVE MAASTIKUKROSS<\/li>\n<li>24.10.2020 11. HAANJA ULTRA100<\/li>\n<li>1.11.2020 Reinpauli maastikujooks<\/li>\n<li>21.11.2020 HEATEGEV P\u00c4\u00c4SK\u00dcLA 19. RABA MARATON<\/li>\n<li>24.02.2021 Playtech kontorimaraton<\/li>\n<li>1.05.2021 Saku 100<\/li>\n<li>30.05.2021 Ahvenisto Sport day<\/li>\n<li>12.06.2021 Broloppet L\u00f6v\u00f6 Siltajuoksu<\/li>\n<li>2-4.07.2021 Nuuksio Backyard Ultra<\/li>\n<li>8.07.2021 Laponia sprint triathlon<\/li>\n<li>10.07.2021 Laponia long distance triathlon<\/li>\n<li>11.07.2021 Oittaa triathlon<\/li>\n<li>17-18.07.2021 Nord avavee festival<\/li>\n<li>&nbsp;<\/li>\n<\/ul>\n\n","protected":false},"excerpt":{"rendered":"<p>1.08.2020 Luunja triatlon 1.08.2020 V\u00e4\u00e4tsa takistusjooks 2.08.2020 V\u00e4gilase jooksusarja 2. etapp, L\u00e4hte 7-8.08.2020 EUTR Estonia 8.08.2020 J\u00e4rvakandi igamehemaraton 9.08.2020 J\u00f5ulum\u00e4e krosstriatlon 13.08.2020 \u00dclemiste City triatlon 15.08.2020 Gravel grinder 15-17.08.2020 Heavy Metal Ultra 19.08.2020 K\u00f5rghoone kuninga jooks, Tehvandi 22.08.2020 Solvalla triathlon 22.08.2020&nbsp; TRIATHLON ESTONIA&nbsp; &nbsp;REGISTREERI V\u00d5ISTLUSELE 23.08.2020 V\u00e4gilase jooksusarja 3. etapp, Narva 27.08.2020 1. Jalav\u00e4ebrigaadi MTB [&hellip;]<\/p>\n","protected":false},"author":5,"featured_media":0,"parent":833,"menu_order":0,"comment_status":"closed","ping_status":"closed","template":"","meta":{"footnotes":""},"class_list":["post-866","page","type-page","status-publish","hentry"],"yoast_head":"<!-- This site is optimized with the Yoast SEO plugin v25.4 - https:\/\/yoast.com\/wordpress\/plugins\/seo\/ -->\n<title>MEIE KALENDER - OUR CALENDAR &#187; Antrotsenter<\/title>\n<meta name=\"robots\" content=\"index, follow, max-snippet:-1, max-image-preview:large, max-video-preview:-1\" \/>\n<link rel=\"canonical\" href=\"https:\/\/antrotsenter.ee\/ajamootmine\/kalender\/\" \/>\n<meta property=\"og:locale\" content=\"en_US\" \/>\n<meta property=\"og:type\" content=\"article\" \/>\n<meta property=\"og:title\" content=\"MEIE KALENDER - OUR CALENDAR &#187; Antrotsenter\" \/>\n<meta property=\"og:description\" content=\"1.08.2020 Luunja triatlon 1.08.2020 V\u00e4\u00e4tsa takistusjooks 2.08.2020 V\u00e4gilase jooksusarja 2. etapp, L\u00e4hte 7-8.08.2020 EUTR Estonia 8.08.2020 J\u00e4rvakandi igamehemaraton 9.08.2020 J\u00f5ulum\u00e4e krosstriatlon 13.08.2020 \u00dclemiste City triatlon 15.08.2020 Gravel grinder 15-17.08.2020 Heavy Metal Ultra 19.08.2020 K\u00f5rghoone kuninga jooks, Tehvandi 22.08.2020 Solvalla triathlon 22.08.2020&nbsp; TRIATHLON ESTONIA&nbsp; &nbsp;REGISTREERI V\u00d5ISTLUSELE 23.08.2020 V\u00e4gilase jooksusarja 3. etapp, Narva 27.08.2020 1. Jalav\u00e4ebrigaadi MTB [&hellip;]\" \/>\n<meta property=\"og:url\" content=\"https:\/\/antrotsenter.ee\/ajamootmine\/kalender\/\" \/>\n<meta property=\"og:site_name\" content=\"Antrotsenter\" \/>\n<meta property=\"article:modified_time\" content=\"2020-07-30T04:05:48+00:00\" \/>\n<meta name=\"twitter:card\" content=\"summary_large_image\" \/>\n<meta name=\"twitter:label1\" content=\"Est. reading time\" \/>\n\t<meta name=\"twitter:data1\" content=\"1 minute\" \/>\n<script type=\"application\/ld+json\" class=\"yoast-schema-graph\">{\"@context\":\"https:\/\/schema.org\",\"@graph\":[{\"@type\":\"WebPage\",\"@id\":\"https:\/\/antrotsenter.ee\/ajamootmine\/kalender\/\",\"url\":\"https:\/\/antrotsenter.ee\/ajamootmine\/kalender\/\",\"name\":\"MEIE KALENDER - OUR CALENDAR &#187; Antrotsenter\",\"isPartOf\":{\"@id\":\"https:\/\/antrotsenter.ee\/#website\"},\"datePublished\":\"2016-03-14T10:53:52+00:00\",\"dateModified\":\"2020-07-30T04:05:48+00:00\",\"breadcrumb\":{\"@id\":\"https:\/\/antrotsenter.ee\/ajamootmine\/kalender\/#breadcrumb\"},\"inLanguage\":\"en-US\",\"potentialAction\":[{\"@type\":\"ReadAction\",\"target\":[\"https:\/\/antrotsenter.ee\/ajamootmine\/kalender\/\"]}]},{\"@type\":\"BreadcrumbList\",\"@id\":\"https:\/\/antrotsenter.ee\/ajamootmine\/kalender\/#breadcrumb\",\"itemListElement\":[{\"@type\":\"ListItem\",\"position\":1,\"name\":\"Home\",\"item\":\"https:\/\/antrotsenter.ee\/\"},{\"@type\":\"ListItem\",\"position\":2,\"name\":\"DIGITAL TIMING\",\"item\":\"https:\/\/antrotsenter.ee\/ajamootmine\/\"},{\"@type\":\"ListItem\",\"position\":3,\"name\":\"MEIE KALENDER &#8211; OUR CALENDAR\"}]},{\"@type\":\"WebSite\",\"@id\":\"https:\/\/antrotsenter.ee\/#website\",\"url\":\"https:\/\/antrotsenter.ee\/\",\"name\":\"Antrotsenter\",\"description\":\"K\u00f5ik tehnilised lahendused igale v\u00f5istlusele ja v\u00f5istluste korraldajale\",\"potentialAction\":[{\"@type\":\"SearchAction\",\"target\":{\"@type\":\"EntryPoint\",\"urlTemplate\":\"https:\/\/antrotsenter.ee\/?s={search_term_string}\"},\"query-input\":{\"@type\":\"PropertyValueSpecification\",\"valueRequired\":true,\"valueName\":\"search_term_string\"}}],\"inLanguage\":\"en-US\"}]}<\/script>\n<!-- \/ Yoast SEO plugin. -->","yoast_head_json":{"title":"MEIE KALENDER - OUR CALENDAR &#187; Antrotsenter","robots":{"index":"index","follow":"follow","max-snippet":"max-snippet:-1","max-image-preview":"max-image-preview:large","max-video-preview":"max-video-preview:-1"},"canonical":"https:\/\/antrotsenter.ee\/ajamootmine\/kalender\/","og_locale":"en_US","og_type":"article","og_title":"MEIE KALENDER - OUR CALENDAR &#187; Antrotsenter","og_description":"1.08.2020 Luunja triatlon 1.08.2020 V\u00e4\u00e4tsa takistusjooks 2.08.2020 V\u00e4gilase jooksusarja 2. etapp, L\u00e4hte 7-8.08.2020 EUTR Estonia 8.08.2020 J\u00e4rvakandi igamehemaraton 9.08.2020 J\u00f5ulum\u00e4e krosstriatlon 13.08.2020 \u00dclemiste City triatlon 15.08.2020 Gravel grinder 15-17.08.2020 Heavy Metal Ultra 19.08.2020 K\u00f5rghoone kuninga jooks, Tehvandi 22.08.2020 Solvalla triathlon 22.08.2020&nbsp; TRIATHLON ESTONIA&nbsp; &nbsp;REGISTREERI V\u00d5ISTLUSELE 23.08.2020 V\u00e4gilase jooksusarja 3. etapp, Narva 27.08.2020 1. Jalav\u00e4ebrigaadi MTB [&hellip;]","og_url":"https:\/\/antrotsenter.ee\/ajamootmine\/kalender\/","og_site_name":"Antrotsenter","article_modified_time":"2020-07-30T04:05:48+00:00","twitter_card":"summary_large_image","twitter_misc":{"Est. reading time":"1 minute"},"schema":{"@context":"https:\/\/schema.org","@graph":[{"@type":"WebPage","@id":"https:\/\/antrotsenter.ee\/ajamootmine\/kalender\/","url":"https:\/\/antrotsenter.ee\/ajamootmine\/kalender\/","name":"MEIE KALENDER - OUR CALENDAR &#187; Antrotsenter","isPartOf":{"@id":"https:\/\/antrotsenter.ee\/#website"},"datePublished":"2016-03-14T10:53:52+00:00","dateModified":"2020-07-30T04:05:48+00:00","breadcrumb":{"@id":"https:\/\/antrotsenter.ee\/ajamootmine\/kalender\/#breadcrumb"},"inLanguage":"en-US","potentialAction":[{"@type":"ReadAction","target":["https:\/\/antrotsenter.ee\/ajamootmine\/kalender\/"]}]},{"@type":"BreadcrumbList","@id":"https:\/\/antrotsenter.ee\/ajamootmine\/kalender\/#breadcrumb","itemListElement":[{"@type":"ListItem","position":1,"name":"Home","item":"https:\/\/antrotsenter.ee\/"},{"@type":"ListItem","position":2,"name":"DIGITAL TIMING","item":"https:\/\/antrotsenter.ee\/ajamootmine\/"},{"@type":"ListItem","position":3,"name":"MEIE KALENDER &#8211; OUR CALENDAR"}]},{"@type":"WebSite","@id":"https:\/\/antrotsenter.ee\/#website","url":"https:\/\/antrotsenter.ee\/","name":"Antrotsenter","description":"K\u00f5ik tehnilised lahendused igale v\u00f5istlusele ja v\u00f5istluste korraldajale","potentialAction":[{"@type":"SearchAction","target":{"@type":"EntryPoint","urlTemplate":"https:\/\/antrotsenter.ee\/?s={search_term_string}"},"query-input":{"@type":"PropertyValueSpecification","valueRequired":true,"valueName":"search_term_string"}}],"inLanguage":"en-US"}]}},"_links":{"self":[{"href":"https:\/\/antrotsenter.ee\/en\/wp-json\/wp\/v2\/pages\/866"}],"collection":[{"href":"https:\/\/antrotsenter.ee\/en\/wp-json\/wp\/v2\/pages"}],"about":[{"href":"https:\/\/antrotsenter.ee\/en\/wp-json\/wp\/v2\/types\/page"}],"author":[{"embeddable":true,"href":"https:\/\/antrotsenter.ee\/en\/wp-json\/wp\/v2\/users\/5"}],"replies":[{"embeddable":true,"href":"https:\/\/antrotsenter.ee\/en\/wp-json\/wp\/v2\/comments?post=866"}],"version-history":[{"count":0,"href":"https:\/\/antrotsenter.ee\/en\/wp-json\/wp\/v2\/pages\/866\/revisions"}],"up":[{"embeddable":true,"href":"https:\/\/antrotsenter.ee\/en\/wp-json\/wp\/v2\/pages\/833"}],"wp:attachment":[{"href":"https:\/\/antrotsenter.ee\/en\/wp-json\/wp\/v2\/media?parent=866"}],"curies":[{"name":"wp","href":"https:\/\/api.w.org\/{rel}","templated":true}]}}