{"id":853,"date":"2016-11-09T17:32:40","date_gmt":"2016-11-09T15:32:40","guid":{"rendered":"http:\/\/antrotsenter.ee\/en\/?page_id=853"},"modified":"2019-08-08T15:29:40","modified_gmt":"2019-08-08T12:29:40","slug":"price","status":"publish","type":"page","link":"https:\/\/antrotsenter.ee\/en\/timing\/price\/","title":{"rendered":"PRICE"},"content":{"rendered":"<h4>The price of the service is formed based on the following elements:<\/h4>\n<p>Not additional taxes or fees!!!<\/p>\n<table width=\"100%\">\n<tbody>\n<tr>\n<td colspan=\"3\" width=\"390\">&#8211; Preparatory activities<\/td>\n<td width=\"451\">65 \u20ac<\/td>\n<\/tr>\n<tr>\n<td colspan=\"3\" width=\"390\">&#8211; Amount of participants<\/td>\n<td width=\"451\">0,5 \u20ac per participant<\/td>\n<\/tr>\n<tr>\n<td colspan=\"3\" width=\"390\">&#8211; Amount of main timing spots with network<\/td>\n<td width=\"451\">40 \u20ac<\/td>\n<\/tr>\n<tr>\n<td colspan=\"3\" width=\"390\">\u00a0&#8211; Amount of secondary timing spots without network<\/td>\n<td width=\"451\">40 \u20ac<\/td>\n<\/tr>\n<tr>\n<td colspan=\"3\" width=\"390\">&#8211; Time of stay at the competition site<\/td>\n<td width=\"451\">55 \u20ac\/h per one timing spot<\/td>\n<\/tr>\n<tr>\n<td colspan=\"3\" width=\"390\">&#8211; Moderator tablet<\/td>\n<td width=\"451\">80 \u20ac<\/td>\n<\/tr>\n<tr>\n<td colspan=\"3\" width=\"390\">&#8211; Transportation from Keila and return<\/td>\n<td width=\"451\">0,3 \u20ac\/km<\/td>\n<\/tr>\n<tr>\n<td colspan=\"3\" width=\"390\">&#8211; Other expenses: ship tickets, accommodation, postal fee<\/td>\n<td width=\"451\">according to event location<\/td>\n<\/tr>\n<tr>\n<td colspan=\"3\" width=\"390\">&#8211; Web registration with direct payment<\/td>\n<td width=\"451\">0,3 \u20ac\u00a0per participants\u00a0+ % sum and depend payment method<\/td>\n<\/tr>\n<tr>\n<td colspan=\"3\" width=\"390\">&#8211; Web registration without direct payment<\/td>\n<td width=\"451\">0,3\u00a0\u20ac per participant + live results free<\/td>\n<\/tr>\n<tr>\n<td colspan=\"3\" width=\"390\">&#8211; Live results in web<\/td>\n<td width=\"451\">0,2 \u20ac per participant, with web registration free<\/td>\n<\/tr>\n<tr>\n<td colspan=\"3\" width=\"390\">&#8211; Additional &#8220;LIVE&#8221; screen<\/td>\n<td width=\"451\">30 \u20ac<\/td>\n<\/tr>\n<tr>\n<td colspan=\"3\" width=\"390\">&#8211; Personal pockets printing: name, number, logo itc<\/td>\n<td width=\"451\">0,2 \u20ac \/ pc<\/td>\n<\/tr>\n<tr>\n<td colspan=\"3\" width=\"390\">&#8211; Bib numbers (tyvek)<\/td>\n<td width=\"451\">0,45 \u20ac<\/td>\n<\/tr>\n<tr>\n<td colspan=\"3\" width=\"390\">&#8211; Race\u00a0 numbers for bike (PVC)<\/td>\n<td width=\"451\">0,90 \u20ac<\/td>\n<\/tr>\n<tr>\n<td colspan=\"3\" width=\"390\">&#8211; Chip race numbers for bike or body<\/td>\n<td width=\"451\">1,9 &#8211; 2,4 \u20ac<\/td>\n<\/tr>\n<tr>\n<td colspan=\"3\" width=\"390\">&#8211; Pair of two identically programmed transponders with separate foam spacer. For sticking on the back of the bib number<\/td>\n<td>1,30 \u20ac<\/td>\n<\/tr>\n<tr>\n<td colspan=\"3\" width=\"390\">&#8211; Transponders with separate foam spacer. For sticking on the back of the bib number<\/td>\n<td width=\"451\">0,80 \u20ac<\/td>\n<\/tr>\n<tr>\n<td colspan=\"3\" width=\"390\">&#8211; Printing diplomas on site to organizer\u00b4s prepared form<\/td>\n<td width=\"451\">0,2 \u20ac \/ pc<\/td>\n<\/tr>\n<tr>\n<td colspan=\"3\" width=\"390\">&#8211; Secretariat service<\/td>\n<td width=\"451\">50 \u20ac per person<\/td>\n<\/tr>\n<\/tbody>\n<\/table>\n<p>&nbsp;<\/p>\n","protected":false},"excerpt":{"rendered":"<p>The price of the service is formed based on the following elements: Not additional taxes or fees!!! &#8211; Preparatory activities 65 \u20ac &#8211; Amount of participants 0,5 \u20ac per participant &#8211; Amount of main timing spots with network 40 \u20ac \u00a0&#8211; Amount of secondary timing spots without network 40 \u20ac &#8211; Time of stay at [&hellip;]<\/p>\n","protected":false},"author":2,"featured_media":0,"parent":833,"menu_order":0,"comment_status":"closed","ping_status":"closed","template":"","meta":{"footnotes":""},"class_list":["post-853","page","type-page","status-publish","hentry"],"yoast_head":"<!-- This site is optimized with the Yoast SEO plugin v25.4 - https:\/\/yoast.com\/wordpress\/plugins\/seo\/ -->\n<title>PRICE &#187; Antrotsenter<\/title>\n<meta name=\"robots\" content=\"index, follow, max-snippet:-1, max-image-preview:large, max-video-preview:-1\" \/>\n<link rel=\"canonical\" href=\"https:\/\/antrotsenter.ee\/ajamootmine\/hinnad\/\" \/>\n<meta property=\"og:locale\" content=\"en_US\" \/>\n<meta property=\"og:type\" content=\"article\" \/>\n<meta property=\"og:title\" content=\"PRICE &#187; Antrotsenter\" \/>\n<meta property=\"og:description\" content=\"The price of the service is formed based on the following elements: Not additional taxes or fees!!! &#8211; Preparatory activities 65 \u20ac &#8211; Amount of participants 0,5 \u20ac per participant &#8211; Amount of main timing spots with network 40 \u20ac \u00a0&#8211; Amount of secondary timing spots without network 40 \u20ac &#8211; Time of stay at [&hellip;]\" \/>\n<meta property=\"og:url\" content=\"https:\/\/antrotsenter.ee\/ajamootmine\/hinnad\/\" \/>\n<meta property=\"og:site_name\" content=\"Antrotsenter\" \/>\n<meta property=\"article:modified_time\" content=\"2019-08-08T12:29:40+00:00\" \/>\n<meta name=\"twitter:card\" content=\"summary_large_image\" \/>\n<meta name=\"twitter:label1\" content=\"Est. reading time\" \/>\n\t<meta name=\"twitter:data1\" content=\"1 minute\" \/>\n<script type=\"application\/ld+json\" class=\"yoast-schema-graph\">{\"@context\":\"https:\/\/schema.org\",\"@graph\":[{\"@type\":\"WebPage\",\"@id\":\"https:\/\/antrotsenter.ee\/ajamootmine\/hinnad\/\",\"url\":\"https:\/\/antrotsenter.ee\/ajamootmine\/hinnad\/\",\"name\":\"PRICE &#187; Antrotsenter\",\"isPartOf\":{\"@id\":\"https:\/\/antrotsenter.ee\/#website\"},\"datePublished\":\"2016-11-09T15:32:40+00:00\",\"dateModified\":\"2019-08-08T12:29:40+00:00\",\"breadcrumb\":{\"@id\":\"https:\/\/antrotsenter.ee\/ajamootmine\/hinnad\/#breadcrumb\"},\"inLanguage\":\"en-US\",\"potentialAction\":[{\"@type\":\"ReadAction\",\"target\":[\"https:\/\/antrotsenter.ee\/ajamootmine\/hinnad\/\"]}]},{\"@type\":\"BreadcrumbList\",\"@id\":\"https:\/\/antrotsenter.ee\/ajamootmine\/hinnad\/#breadcrumb\",\"itemListElement\":[{\"@type\":\"ListItem\",\"position\":1,\"name\":\"Home\",\"item\":\"https:\/\/antrotsenter.ee\/\"},{\"@type\":\"ListItem\",\"position\":2,\"name\":\"DIGITAL TIMING\",\"item\":\"https:\/\/antrotsenter.ee\/ajamootmine\/\"},{\"@type\":\"ListItem\",\"position\":3,\"name\":\"PRICE\"}]},{\"@type\":\"WebSite\",\"@id\":\"https:\/\/antrotsenter.ee\/#website\",\"url\":\"https:\/\/antrotsenter.ee\/\",\"name\":\"Antrotsenter\",\"description\":\"K\u00f5ik tehnilised lahendused igale v\u00f5istlusele ja v\u00f5istluste korraldajale\",\"potentialAction\":[{\"@type\":\"SearchAction\",\"target\":{\"@type\":\"EntryPoint\",\"urlTemplate\":\"https:\/\/antrotsenter.ee\/?s={search_term_string}\"},\"query-input\":{\"@type\":\"PropertyValueSpecification\",\"valueRequired\":true,\"valueName\":\"search_term_string\"}}],\"inLanguage\":\"en-US\"}]}<\/script>\n<!-- \/ Yoast SEO plugin. -->","yoast_head_json":{"title":"PRICE &#187; Antrotsenter","robots":{"index":"index","follow":"follow","max-snippet":"max-snippet:-1","max-image-preview":"max-image-preview:large","max-video-preview":"max-video-preview:-1"},"canonical":"https:\/\/antrotsenter.ee\/ajamootmine\/hinnad\/","og_locale":"en_US","og_type":"article","og_title":"PRICE &#187; Antrotsenter","og_description":"The price of the service is formed based on the following elements: Not additional taxes or fees!!! &#8211; Preparatory activities 65 \u20ac &#8211; Amount of participants 0,5 \u20ac per participant &#8211; Amount of main timing spots with network 40 \u20ac \u00a0&#8211; Amount of secondary timing spots without network 40 \u20ac &#8211; Time of stay at [&hellip;]","og_url":"https:\/\/antrotsenter.ee\/ajamootmine\/hinnad\/","og_site_name":"Antrotsenter","article_modified_time":"2019-08-08T12:29:40+00:00","twitter_card":"summary_large_image","twitter_misc":{"Est. reading time":"1 minute"},"schema":{"@context":"https:\/\/schema.org","@graph":[{"@type":"WebPage","@id":"https:\/\/antrotsenter.ee\/ajamootmine\/hinnad\/","url":"https:\/\/antrotsenter.ee\/ajamootmine\/hinnad\/","name":"PRICE &#187; Antrotsenter","isPartOf":{"@id":"https:\/\/antrotsenter.ee\/#website"},"datePublished":"2016-11-09T15:32:40+00:00","dateModified":"2019-08-08T12:29:40+00:00","breadcrumb":{"@id":"https:\/\/antrotsenter.ee\/ajamootmine\/hinnad\/#breadcrumb"},"inLanguage":"en-US","potentialAction":[{"@type":"ReadAction","target":["https:\/\/antrotsenter.ee\/ajamootmine\/hinnad\/"]}]},{"@type":"BreadcrumbList","@id":"https:\/\/antrotsenter.ee\/ajamootmine\/hinnad\/#breadcrumb","itemListElement":[{"@type":"ListItem","position":1,"name":"Home","item":"https:\/\/antrotsenter.ee\/"},{"@type":"ListItem","position":2,"name":"DIGITAL TIMING","item":"https:\/\/antrotsenter.ee\/ajamootmine\/"},{"@type":"ListItem","position":3,"name":"PRICE"}]},{"@type":"WebSite","@id":"https:\/\/antrotsenter.ee\/#website","url":"https:\/\/antrotsenter.ee\/","name":"Antrotsenter","description":"K\u00f5ik tehnilised lahendused igale v\u00f5istlusele ja v\u00f5istluste korraldajale","potentialAction":[{"@type":"SearchAction","target":{"@type":"EntryPoint","urlTemplate":"https:\/\/antrotsenter.ee\/?s={search_term_string}"},"query-input":{"@type":"PropertyValueSpecification","valueRequired":true,"valueName":"search_term_string"}}],"inLanguage":"en-US"}]}},"_links":{"self":[{"href":"https:\/\/antrotsenter.ee\/en\/wp-json\/wp\/v2\/pages\/853"}],"collection":[{"href":"https:\/\/antrotsenter.ee\/en\/wp-json\/wp\/v2\/pages"}],"about":[{"href":"https:\/\/antrotsenter.ee\/en\/wp-json\/wp\/v2\/types\/page"}],"author":[{"embeddable":true,"href":"https:\/\/antrotsenter.ee\/en\/wp-json\/wp\/v2\/users\/2"}],"replies":[{"embeddable":true,"href":"https:\/\/antrotsenter.ee\/en\/wp-json\/wp\/v2\/comments?post=853"}],"version-history":[{"count":0,"href":"https:\/\/antrotsenter.ee\/en\/wp-json\/wp\/v2\/pages\/853\/revisions"}],"up":[{"embeddable":true,"href":"https:\/\/antrotsenter.ee\/en\/wp-json\/wp\/v2\/pages\/833"}],"wp:attachment":[{"href":"https:\/\/antrotsenter.ee\/en\/wp-json\/wp\/v2\/media?parent=853"}],"curies":[{"name":"wp","href":"https:\/\/api.w.org\/{rel}","templated":true}]}}