{"id":847,"date":"2016-11-09T16:53:13","date_gmt":"2016-11-09T14:53:13","guid":{"rendered":"http:\/\/antrotsenter.ee\/en\/?page_id=847"},"modified":"2018-03-23T22:04:24","modified_gmt":"2018-03-23T20:04:24","slug":"technical","status":"publish","type":"page","link":"https:\/\/antrotsenter.ee\/en\/timing\/technical\/","title":{"rendered":"TECHNICAL DESCRIPTION"},"content":{"rendered":"<p><a href=\"http:\/\/antrotsenter.ee\/wp-content\/uploads\/2016\/03\/kell.jpg\"><img loading=\"lazy\" decoding=\"async\" class=\"alignnone wp-image-356\" src=\"http:\/\/antrotsenter.ee\/wp-content\/uploads\/2016\/03\/kell.jpg\" alt=\"kell\" width=\"857\" height=\"304\" srcset=\"https:\/\/antrotsenter.ee\/wp-content\/uploads\/2016\/03\/kell.jpg 850w, https:\/\/antrotsenter.ee\/wp-content\/uploads\/2016\/03\/kell-768x273.jpg 768w\" sizes=\"(max-width: 857px) 100vw, 857px\" \/><\/a><\/p>\n<table width=\"100%\">\n<tbody>\n<tr>\n<td style=\"width: 711%;\" colspan=\"5\"><strong>Feature<\/strong><\/td>\n<td style=\"width: 95%;\" colspan=\"3\">\n<h4 style=\"text-align: center;\">Passive<\/h4>\n<\/td>\n<td style=\"width: 24%;\">\n<h4 style=\"text-align: center;\">Active<\/h4>\n<\/td>\n<\/tr>\n<tr>\n<td style=\"width: 711%;\" colspan=\"5\">&#8211; Precision<\/td>\n<td style=\"text-align: center; width: 95%;\" colspan=\"3\">0,1 s<\/td>\n<td style=\"text-align: center; width: 24%;\">0,01<\/td>\n<\/tr>\n<tr>\n<td style=\"width: 711%;\" colspan=\"5\">&#8211; Amount of timing points<\/td>\n<td style=\"text-align: center; width: 95%;\" colspan=\"3\">3<\/td>\n<td style=\"text-align: center; width: 24%;\">7<\/td>\n<\/tr>\n<tr>\n<td style=\"width: 711%;\" colspan=\"5\">&#8211; Lowest operating temperature<\/td>\n<td style=\"text-align: center; width: 95%;\" colspan=\"3\">&#8211; 20 C<\/td>\n<td style=\"text-align: center; width: 24%;\">&#8211; 30 C<\/td>\n<\/tr>\n<tr>\n<td style=\"width: 711%;\" colspan=\"5\">&#8211; Highest operating temperature<\/td>\n<td style=\"text-align: center; width: 95%;\" colspan=\"3\">+ 50 C<\/td>\n<td style=\"text-align: center; width: 24%;\">+ 70 C<\/td>\n<\/tr>\n<tr>\n<td style=\"width: 711%;\" colspan=\"5\">&#8211; Maximum amount of split times<\/td>\n<td style=\"text-align: center; width: 95%;\" colspan=\"3\">unlimited<\/td>\n<td style=\"text-align: center; width: 24%;\">unlimited<\/td>\n<\/tr>\n<tr>\n<td style=\"width: 711%;\" colspan=\"5\">&#8211; Maximum amount of participants<\/td>\n<td style=\"text-align: center; width: 95%;\" colspan=\"3\">1400 ((it is possible to increase)<\/td>\n<td style=\"text-align: center; width: 24%;\">480 ((it is possible to increase)<\/td>\n<\/tr>\n<tr>\n<td style=\"width: 711%;\" colspan=\"5\">&#8211; Maximum width of finish gate<\/td>\n<td style=\"text-align: center; width: 95%;\" colspan=\"3\">5\u00a0m<\/td>\n<td style=\"text-align: center; width: 24%;\">14 m<\/td>\n<\/tr>\n<tr>\n<td style=\"width: 711%;\" colspan=\"5\">&#8211; Maximum detection height<\/td>\n<td style=\"text-align: center; width: 95%;\" colspan=\"3\">1,5 m<\/td>\n<td style=\"text-align: center; width: 24%;\">2,5 m<\/td>\n<\/tr>\n<tr>\n<td style=\"width: 711%;\" colspan=\"5\">&#8211; Maximum detection speed<\/td>\n<td style=\"text-align: center; width: 95%;\" colspan=\"3\">40 km\/h<\/td>\n<td style=\"text-align: center; width: 24%;\">150 km\/h<\/td>\n<\/tr>\n<tr>\n<td style=\"width: 711%;\" colspan=\"5\">&#8211; Detection probability<\/td>\n<td style=\"text-align: center; width: 95%;\" colspan=\"3\">99,8 %<\/td>\n<td style=\"text-align: center; width: 24%;\">100 %<\/td>\n<\/tr>\n<tr>\n<td style=\"width: 711%;\" colspan=\"5\">&#8211; Read rate<\/td>\n<td style=\"text-align: center; width: 95%;\" colspan=\"3\">up to\u00a03000 chips per minute<\/td>\n<td style=\"text-align: center; width: 24%;\">up to 250 chips per second<\/td>\n<\/tr>\n<tr>\n<td style=\"width: 711%;\" colspan=\"5\">&#8211; The results on screen in live near the finish line<\/td>\n<td style=\"text-align: center; width: 95%;\" colspan=\"3\">live up to 10 m fom timing spot<\/td>\n<td style=\"text-align: center; width: 24%;\">live up to 10 m fom timing spot<\/td>\n<\/tr>\n<tr>\n<td style=\"width: 711%;\" colspan=\"5\">&#8211; Results on web<\/td>\n<td style=\"text-align: center; width: 95%;\" colspan=\"3\">live<\/td>\n<td style=\"text-align: center; width: 24%;\">live<\/td>\n<\/tr>\n<tr>\n<td style=\"width: 711%;\" colspan=\"5\">&#8211; Printing diplomas from web<\/td>\n<td style=\"text-align: center; width: 95%;\" colspan=\"3\">yes<\/td>\n<td style=\"text-align: center; width: 24%;\">yes<\/td>\n<\/tr>\n<tr>\n<td style=\"width: 711%;\" colspan=\"5\">&#8211; Weight of chip<\/td>\n<td style=\"text-align: center; width: 95%;\" colspan=\"3\">4 g<\/td>\n<td style=\"text-align: center; width: 24%;\">16,8 g<\/td>\n<\/tr>\n<tr>\n<td style=\"width: 711%;\" colspan=\"5\">&#8211; Dimensions of chip<\/td>\n<td style=\"text-align: center; width: 95%;\" colspan=\"3\">64 x 54 x 0,8 mm<\/td>\n<td style=\"text-align: center; width: 24%;\">40 x 36 x 9 mm<\/td>\n<\/tr>\n<tr>\n<td style=\"width: 711%;\" colspan=\"5\">&#8211; Single use race number with chips for body and bike<\/td>\n<td style=\"text-align: center; width: 95%;\" colspan=\"3\">yes<\/td>\n<td style=\"text-align: center; width: 24%;\">no<\/td>\n<\/tr>\n<tr>\n<td style=\"width: 711%;\" colspan=\"5\">&#8211; Moderator tablett<\/td>\n<td style=\"text-align: center; width: 95%;\" colspan=\"3\">yes<\/td>\n<td style=\"text-align: center; width: 24%;\">yes<\/td>\n<\/tr>\n<\/tbody>\n<\/table>\n<p>&nbsp;<\/p>\n<ul>\n<li><b><a href=\"http:\/\/antrotsenter.ee\/wp-content\/uploads\/2016\/03\/100m_rajaskeem.docx\" target=\"_blank\" rel=\"noopener\">Reccommended\u00a0scheme of short distance event<\/a><\/b><\/li>\n<li><strong><a href=\"http:\/\/antrotsenter.ee\/wp-content\/uploads\/2016\/03\/skeem-triatlon.pdf\" target=\"_blank\" rel=\"noopener\">Reccommended scheme of triathlon event<\/a><\/strong><\/li>\n<li><strong><a href=\"http:\/\/antrotsenter.ee\/wp-content\/uploads\/2016\/03\/skeem-TT.pdf\" target=\"_blank\" rel=\"noopener\">Reccommended scheme of time trial event<\/a><\/strong><\/li>\n<li><strong><a href=\"http:\/\/antrotsenter.ee\/wp-content\/uploads\/2016\/03\/skeem-finish.pdf\" target=\"_blank\" rel=\"noopener\">Reccommended scheme of finish line<\/a><\/strong><\/li>\n<\/ul>\n<p>&nbsp;<\/p>\n","protected":false},"excerpt":{"rendered":"<p>Feature Passive Active &#8211; Precision 0,1 s 0,01 &#8211; Amount of timing points 3 7 &#8211; Lowest operating temperature &#8211; 20 C &#8211; 30 C &#8211; Highest operating temperature + 50 C + 70 C &#8211; Maximum amount of split times unlimited unlimited &#8211; Maximum amount of participants 1400 ((it is possible to increase) 480 [&hellip;]<\/p>\n","protected":false},"author":2,"featured_media":0,"parent":833,"menu_order":0,"comment_status":"closed","ping_status":"closed","template":"","meta":{"footnotes":""},"class_list":["post-847","page","type-page","status-publish","hentry"],"yoast_head":"<!-- This site is optimized with the Yoast SEO plugin v25.4 - https:\/\/yoast.com\/wordpress\/plugins\/seo\/ -->\n<title>TECHNICAL DESCRIPTION &#187; Antrotsenter<\/title>\n<meta name=\"robots\" content=\"index, follow, max-snippet:-1, max-image-preview:large, max-video-preview:-1\" \/>\n<link rel=\"canonical\" href=\"https:\/\/antrotsenter.ee\/ajamootmine\/tehnilised-naitajad\/\" \/>\n<meta property=\"og:locale\" content=\"en_US\" \/>\n<meta property=\"og:type\" content=\"article\" \/>\n<meta property=\"og:title\" content=\"TECHNICAL DESCRIPTION &#187; Antrotsenter\" \/>\n<meta property=\"og:description\" content=\"Feature Passive Active &#8211; Precision 0,1 s 0,01 &#8211; Amount of timing points 3 7 &#8211; Lowest operating temperature &#8211; 20 C &#8211; 30 C &#8211; Highest operating temperature + 50 C + 70 C &#8211; Maximum amount of split times unlimited unlimited &#8211; Maximum amount of participants 1400 ((it is possible to increase) 480 [&hellip;]\" \/>\n<meta property=\"og:url\" content=\"https:\/\/antrotsenter.ee\/ajamootmine\/tehnilised-naitajad\/\" \/>\n<meta property=\"og:site_name\" content=\"Antrotsenter\" \/>\n<meta property=\"article:modified_time\" content=\"2018-03-23T20:04:24+00:00\" \/>\n<meta property=\"og:image\" content=\"http:\/\/antrotsenter.ee\/wp-content\/uploads\/2016\/03\/kell.jpg\" \/>\n<meta name=\"twitter:card\" content=\"summary_large_image\" \/>\n<meta name=\"twitter:label1\" content=\"Est. reading time\" \/>\n\t<meta name=\"twitter:data1\" content=\"1 minute\" \/>\n<script type=\"application\/ld+json\" class=\"yoast-schema-graph\">{\"@context\":\"https:\/\/schema.org\",\"@graph\":[{\"@type\":\"WebPage\",\"@id\":\"https:\/\/antrotsenter.ee\/ajamootmine\/tehnilised-naitajad\/\",\"url\":\"https:\/\/antrotsenter.ee\/ajamootmine\/tehnilised-naitajad\/\",\"name\":\"TECHNICAL DESCRIPTION &#187; Antrotsenter\",\"isPartOf\":{\"@id\":\"https:\/\/antrotsenter.ee\/#website\"},\"primaryImageOfPage\":{\"@id\":\"https:\/\/antrotsenter.ee\/ajamootmine\/tehnilised-naitajad\/#primaryimage\"},\"image\":{\"@id\":\"https:\/\/antrotsenter.ee\/ajamootmine\/tehnilised-naitajad\/#primaryimage\"},\"thumbnailUrl\":\"http:\/\/antrotsenter.ee\/wp-content\/uploads\/2016\/03\/kell.jpg\",\"datePublished\":\"2016-11-09T14:53:13+00:00\",\"dateModified\":\"2018-03-23T20:04:24+00:00\",\"breadcrumb\":{\"@id\":\"https:\/\/antrotsenter.ee\/ajamootmine\/tehnilised-naitajad\/#breadcrumb\"},\"inLanguage\":\"en-US\",\"potentialAction\":[{\"@type\":\"ReadAction\",\"target\":[\"https:\/\/antrotsenter.ee\/ajamootmine\/tehnilised-naitajad\/\"]}]},{\"@type\":\"ImageObject\",\"inLanguage\":\"en-US\",\"@id\":\"https:\/\/antrotsenter.ee\/ajamootmine\/tehnilised-naitajad\/#primaryimage\",\"url\":\"http:\/\/antrotsenter.ee\/wp-content\/uploads\/2016\/03\/kell.jpg\",\"contentUrl\":\"http:\/\/antrotsenter.ee\/wp-content\/uploads\/2016\/03\/kell.jpg\"},{\"@type\":\"BreadcrumbList\",\"@id\":\"https:\/\/antrotsenter.ee\/ajamootmine\/tehnilised-naitajad\/#breadcrumb\",\"itemListElement\":[{\"@type\":\"ListItem\",\"position\":1,\"name\":\"Home\",\"item\":\"https:\/\/antrotsenter.ee\/\"},{\"@type\":\"ListItem\",\"position\":2,\"name\":\"DIGITAL TIMING\",\"item\":\"https:\/\/antrotsenter.ee\/ajamootmine\/\"},{\"@type\":\"ListItem\",\"position\":3,\"name\":\"TECHNICAL DESCRIPTION\"}]},{\"@type\":\"WebSite\",\"@id\":\"https:\/\/antrotsenter.ee\/#website\",\"url\":\"https:\/\/antrotsenter.ee\/\",\"name\":\"Antrotsenter\",\"description\":\"K\u00f5ik tehnilised lahendused igale v\u00f5istlusele ja v\u00f5istluste korraldajale\",\"potentialAction\":[{\"@type\":\"SearchAction\",\"target\":{\"@type\":\"EntryPoint\",\"urlTemplate\":\"https:\/\/antrotsenter.ee\/?s={search_term_string}\"},\"query-input\":{\"@type\":\"PropertyValueSpecification\",\"valueRequired\":true,\"valueName\":\"search_term_string\"}}],\"inLanguage\":\"en-US\"}]}<\/script>\n<!-- \/ Yoast SEO plugin. -->","yoast_head_json":{"title":"TECHNICAL DESCRIPTION &#187; Antrotsenter","robots":{"index":"index","follow":"follow","max-snippet":"max-snippet:-1","max-image-preview":"max-image-preview:large","max-video-preview":"max-video-preview:-1"},"canonical":"https:\/\/antrotsenter.ee\/ajamootmine\/tehnilised-naitajad\/","og_locale":"en_US","og_type":"article","og_title":"TECHNICAL DESCRIPTION &#187; Antrotsenter","og_description":"Feature Passive Active &#8211; Precision 0,1 s 0,01 &#8211; Amount of timing points 3 7 &#8211; Lowest operating temperature &#8211; 20 C &#8211; 30 C &#8211; Highest operating temperature + 50 C + 70 C &#8211; Maximum amount of split times unlimited unlimited &#8211; Maximum amount of participants 1400 ((it is possible to increase) 480 [&hellip;]","og_url":"https:\/\/antrotsenter.ee\/ajamootmine\/tehnilised-naitajad\/","og_site_name":"Antrotsenter","article_modified_time":"2018-03-23T20:04:24+00:00","og_image":[{"url":"http:\/\/antrotsenter.ee\/wp-content\/uploads\/2016\/03\/kell.jpg","type":"","width":"","height":""}],"twitter_card":"summary_large_image","twitter_misc":{"Est. reading time":"1 minute"},"schema":{"@context":"https:\/\/schema.org","@graph":[{"@type":"WebPage","@id":"https:\/\/antrotsenter.ee\/ajamootmine\/tehnilised-naitajad\/","url":"https:\/\/antrotsenter.ee\/ajamootmine\/tehnilised-naitajad\/","name":"TECHNICAL DESCRIPTION &#187; Antrotsenter","isPartOf":{"@id":"https:\/\/antrotsenter.ee\/#website"},"primaryImageOfPage":{"@id":"https:\/\/antrotsenter.ee\/ajamootmine\/tehnilised-naitajad\/#primaryimage"},"image":{"@id":"https:\/\/antrotsenter.ee\/ajamootmine\/tehnilised-naitajad\/#primaryimage"},"thumbnailUrl":"http:\/\/antrotsenter.ee\/wp-content\/uploads\/2016\/03\/kell.jpg","datePublished":"2016-11-09T14:53:13+00:00","dateModified":"2018-03-23T20:04:24+00:00","breadcrumb":{"@id":"https:\/\/antrotsenter.ee\/ajamootmine\/tehnilised-naitajad\/#breadcrumb"},"inLanguage":"en-US","potentialAction":[{"@type":"ReadAction","target":["https:\/\/antrotsenter.ee\/ajamootmine\/tehnilised-naitajad\/"]}]},{"@type":"ImageObject","inLanguage":"en-US","@id":"https:\/\/antrotsenter.ee\/ajamootmine\/tehnilised-naitajad\/#primaryimage","url":"http:\/\/antrotsenter.ee\/wp-content\/uploads\/2016\/03\/kell.jpg","contentUrl":"http:\/\/antrotsenter.ee\/wp-content\/uploads\/2016\/03\/kell.jpg"},{"@type":"BreadcrumbList","@id":"https:\/\/antrotsenter.ee\/ajamootmine\/tehnilised-naitajad\/#breadcrumb","itemListElement":[{"@type":"ListItem","position":1,"name":"Home","item":"https:\/\/antrotsenter.ee\/"},{"@type":"ListItem","position":2,"name":"DIGITAL TIMING","item":"https:\/\/antrotsenter.ee\/ajamootmine\/"},{"@type":"ListItem","position":3,"name":"TECHNICAL DESCRIPTION"}]},{"@type":"WebSite","@id":"https:\/\/antrotsenter.ee\/#website","url":"https:\/\/antrotsenter.ee\/","name":"Antrotsenter","description":"K\u00f5ik tehnilised lahendused igale v\u00f5istlusele ja v\u00f5istluste korraldajale","potentialAction":[{"@type":"SearchAction","target":{"@type":"EntryPoint","urlTemplate":"https:\/\/antrotsenter.ee\/?s={search_term_string}"},"query-input":{"@type":"PropertyValueSpecification","valueRequired":true,"valueName":"search_term_string"}}],"inLanguage":"en-US"}]}},"_links":{"self":[{"href":"https:\/\/antrotsenter.ee\/en\/wp-json\/wp\/v2\/pages\/847"}],"collection":[{"href":"https:\/\/antrotsenter.ee\/en\/wp-json\/wp\/v2\/pages"}],"about":[{"href":"https:\/\/antrotsenter.ee\/en\/wp-json\/wp\/v2\/types\/page"}],"author":[{"embeddable":true,"href":"https:\/\/antrotsenter.ee\/en\/wp-json\/wp\/v2\/users\/2"}],"replies":[{"embeddable":true,"href":"https:\/\/antrotsenter.ee\/en\/wp-json\/wp\/v2\/comments?post=847"}],"version-history":[{"count":0,"href":"https:\/\/antrotsenter.ee\/en\/wp-json\/wp\/v2\/pages\/847\/revisions"}],"up":[{"embeddable":true,"href":"https:\/\/antrotsenter.ee\/en\/wp-json\/wp\/v2\/pages\/833"}],"wp:attachment":[{"href":"https:\/\/antrotsenter.ee\/en\/wp-json\/wp\/v2\/media?parent=847"}],"curies":[{"name":"wp","href":"https:\/\/api.w.org\/{rel}","templated":true}]}}