{"id":844,"date":"2016-11-09T16:27:01","date_gmt":"2016-11-09T14:27:01","guid":{"rendered":"http:\/\/antrotsenter.ee\/en\/?page_id=844"},"modified":"2019-07-25T13:48:55","modified_gmt":"2019-07-25T10:48:55","slug":"video","status":"publish","type":"page","link":"https:\/\/antrotsenter.ee\/en\/timing\/video\/","title":{"rendered":"VIDEO"},"content":{"rendered":"<h3>RRS series finish video<\/h3>\n<p><iframe loading=\"lazy\" title=\"ANTROTSENTER RACE TIMING - AJAM\u00d5\u00d5TMINE SPORDIV\u00d5ISTLUSTEL\" width=\"1140\" height=\"641\" src=\"https:\/\/www.youtube.com\/embed\/7wMTz47MvWA?feature=oembed\" frameborder=\"0\" allow=\"accelerometer; autoplay; clipboard-write; encrypted-media; gyroscope; picture-in-picture; web-share\" referrerpolicy=\"strict-origin-when-cross-origin\" allowfullscreen><\/iframe><\/p>\n<h3>Fastening of passive chip<\/h3>\n<p><iframe loading=\"lazy\" title=\"Ajam\u00f5\u00f5dukiibi kinnitamine - Timing chip fastening\" width=\"1140\" height=\"641\" src=\"https:\/\/www.youtube.com\/embed\/aAOWBwH5FKo?feature=oembed\" frameborder=\"0\" allow=\"accelerometer; autoplay; clipboard-write; encrypted-media; gyroscope; picture-in-picture; web-share\" referrerpolicy=\"strict-origin-when-cross-origin\" allowfullscreen><\/iframe><\/p>\n<h3>The live results on site<\/h3>\n<p><iframe loading=\"lazy\" title=\"Antrotsenter Race timing solution - Live screen\" width=\"1140\" height=\"641\" src=\"https:\/\/www.youtube.com\/embed\/9Hq7vBTInoQ?feature=oembed\" frameborder=\"0\" allow=\"accelerometer; autoplay; clipboard-write; encrypted-media; gyroscope; picture-in-picture; web-share\" referrerpolicy=\"strict-origin-when-cross-origin\" allowfullscreen><\/iframe><\/p>\n<h3>Any kind views and calculations on screen<\/h3>\n<p><iframe loading=\"lazy\" title=\"EKRAANIVAATED\" width=\"1140\" height=\"641\" src=\"https:\/\/www.youtube.com\/embed\/ifNzE2YZ_0I?feature=oembed\" frameborder=\"0\" allow=\"accelerometer; autoplay; clipboard-write; encrypted-media; gyroscope; picture-in-picture; web-share\" referrerpolicy=\"strict-origin-when-cross-origin\" allowfullscreen><\/iframe><\/p>\n<h3>Moderator in info field<\/h3>\n<p><iframe loading=\"lazy\" title=\"Antrotsenter Race timing solution - announcer tool\" width=\"1140\" height=\"641\" src=\"https:\/\/www.youtube.com\/embed\/rTcpfFXz1M8?feature=oembed\" frameborder=\"0\" allow=\"accelerometer; autoplay; clipboard-write; encrypted-media; gyroscope; picture-in-picture; web-share\" referrerpolicy=\"strict-origin-when-cross-origin\" allowfullscreen><\/iframe><\/p>\n<h3>The test of precision<\/h3>\n<p><iframe loading=\"lazy\" title=\"T\u00e4psuse katse aktiivse ajam\u00f5\u00f5tmise lahendusega - The test of precision with active solution\" width=\"1140\" height=\"641\" src=\"https:\/\/www.youtube.com\/embed\/6QqXkKdA6ks?feature=oembed\" frameborder=\"0\" allow=\"accelerometer; autoplay; clipboard-write; encrypted-media; gyroscope; picture-in-picture; web-share\" referrerpolicy=\"strict-origin-when-cross-origin\" allowfullscreen><\/iframe><\/p>\n<h3>Test of speed<\/h3>\n<p><iframe loading=\"lazy\" title=\"Kiipide lugemise t\u00e4psus suuremal kiirusel - The precision of chips reading with higher speed\" width=\"1140\" height=\"641\" src=\"https:\/\/www.youtube.com\/embed\/xNYXjWNih-s?feature=oembed\" frameborder=\"0\" allow=\"accelerometer; autoplay; clipboard-write; encrypted-media; gyroscope; picture-in-picture; web-share\" referrerpolicy=\"strict-origin-when-cross-origin\" allowfullscreen><\/iframe><\/p>\n<h3>Test of speed by kart<\/h3>\n<p><iframe loading=\"lazy\" title=\"Kiiruse test kardiga\" width=\"1140\" height=\"641\" src=\"https:\/\/www.youtube.com\/embed\/aVIIdRI0teQ?feature=oembed\" frameborder=\"0\" allow=\"accelerometer; autoplay; clipboard-write; encrypted-media; gyroscope; picture-in-picture; web-share\" referrerpolicy=\"strict-origin-when-cross-origin\" allowfullscreen><\/iframe><\/p>\n","protected":false},"excerpt":{"rendered":"<p>RRS series finish video Fastening of passive chip The live results on site Any kind views and calculations on screen Moderator in info field The test of precision Test of speed Test of speed by kart<\/p>\n","protected":false},"author":2,"featured_media":0,"parent":833,"menu_order":0,"comment_status":"closed","ping_status":"closed","template":"","meta":{"footnotes":""},"class_list":["post-844","page","type-page","status-publish","hentry"],"yoast_head":"<!-- This site is optimized with the Yoast SEO plugin v25.4 - https:\/\/yoast.com\/wordpress\/plugins\/seo\/ -->\n<title>VIDEO &#187; Antrotsenter<\/title>\n<meta name=\"robots\" content=\"index, follow, max-snippet:-1, max-image-preview:large, max-video-preview:-1\" \/>\n<link rel=\"canonical\" href=\"https:\/\/antrotsenter.ee\/ajamootmine\/video\/\" \/>\n<meta property=\"og:locale\" content=\"en_US\" \/>\n<meta property=\"og:type\" content=\"article\" \/>\n<meta property=\"og:title\" content=\"VIDEO &#187; Antrotsenter\" \/>\n<meta property=\"og:description\" content=\"RRS series finish video Fastening of passive chip The live results on site Any kind views and calculations on screen Moderator in info field The test of precision Test of speed Test of speed by kart\" \/>\n<meta property=\"og:url\" content=\"https:\/\/antrotsenter.ee\/ajamootmine\/video\/\" \/>\n<meta property=\"og:site_name\" content=\"Antrotsenter\" \/>\n<meta property=\"article:modified_time\" content=\"2019-07-25T10:48:55+00:00\" \/>\n<meta name=\"twitter:card\" content=\"summary_large_image\" \/>\n<meta name=\"twitter:label1\" content=\"Est. reading time\" \/>\n\t<meta name=\"twitter:data1\" content=\"1 minute\" \/>\n<script type=\"application\/ld+json\" class=\"yoast-schema-graph\">{\"@context\":\"https:\/\/schema.org\",\"@graph\":[{\"@type\":\"WebPage\",\"@id\":\"https:\/\/antrotsenter.ee\/ajamootmine\/video\/\",\"url\":\"https:\/\/antrotsenter.ee\/ajamootmine\/video\/\",\"name\":\"VIDEO &#187; Antrotsenter\",\"isPartOf\":{\"@id\":\"https:\/\/antrotsenter.ee\/#website\"},\"datePublished\":\"2016-11-09T14:27:01+00:00\",\"dateModified\":\"2019-07-25T10:48:55+00:00\",\"breadcrumb\":{\"@id\":\"https:\/\/antrotsenter.ee\/ajamootmine\/video\/#breadcrumb\"},\"inLanguage\":\"en-US\",\"potentialAction\":[{\"@type\":\"ReadAction\",\"target\":[\"https:\/\/antrotsenter.ee\/ajamootmine\/video\/\"]}]},{\"@type\":\"BreadcrumbList\",\"@id\":\"https:\/\/antrotsenter.ee\/ajamootmine\/video\/#breadcrumb\",\"itemListElement\":[{\"@type\":\"ListItem\",\"position\":1,\"name\":\"Home\",\"item\":\"https:\/\/antrotsenter.ee\/\"},{\"@type\":\"ListItem\",\"position\":2,\"name\":\"DIGITAL TIMING\",\"item\":\"https:\/\/antrotsenter.ee\/ajamootmine\/\"},{\"@type\":\"ListItem\",\"position\":3,\"name\":\"VIDEO\"}]},{\"@type\":\"WebSite\",\"@id\":\"https:\/\/antrotsenter.ee\/#website\",\"url\":\"https:\/\/antrotsenter.ee\/\",\"name\":\"Antrotsenter\",\"description\":\"K\u00f5ik tehnilised lahendused igale v\u00f5istlusele ja v\u00f5istluste korraldajale\",\"potentialAction\":[{\"@type\":\"SearchAction\",\"target\":{\"@type\":\"EntryPoint\",\"urlTemplate\":\"https:\/\/antrotsenter.ee\/?s={search_term_string}\"},\"query-input\":{\"@type\":\"PropertyValueSpecification\",\"valueRequired\":true,\"valueName\":\"search_term_string\"}}],\"inLanguage\":\"en-US\"}]}<\/script>\n<!-- \/ Yoast SEO plugin. -->","yoast_head_json":{"title":"VIDEO &#187; Antrotsenter","robots":{"index":"index","follow":"follow","max-snippet":"max-snippet:-1","max-image-preview":"max-image-preview:large","max-video-preview":"max-video-preview:-1"},"canonical":"https:\/\/antrotsenter.ee\/ajamootmine\/video\/","og_locale":"en_US","og_type":"article","og_title":"VIDEO &#187; Antrotsenter","og_description":"RRS series finish video Fastening of passive chip The live results on site Any kind views and calculations on screen Moderator in info field The test of precision Test of speed Test of speed by kart","og_url":"https:\/\/antrotsenter.ee\/ajamootmine\/video\/","og_site_name":"Antrotsenter","article_modified_time":"2019-07-25T10:48:55+00:00","twitter_card":"summary_large_image","twitter_misc":{"Est. reading time":"1 minute"},"schema":{"@context":"https:\/\/schema.org","@graph":[{"@type":"WebPage","@id":"https:\/\/antrotsenter.ee\/ajamootmine\/video\/","url":"https:\/\/antrotsenter.ee\/ajamootmine\/video\/","name":"VIDEO &#187; Antrotsenter","isPartOf":{"@id":"https:\/\/antrotsenter.ee\/#website"},"datePublished":"2016-11-09T14:27:01+00:00","dateModified":"2019-07-25T10:48:55+00:00","breadcrumb":{"@id":"https:\/\/antrotsenter.ee\/ajamootmine\/video\/#breadcrumb"},"inLanguage":"en-US","potentialAction":[{"@type":"ReadAction","target":["https:\/\/antrotsenter.ee\/ajamootmine\/video\/"]}]},{"@type":"BreadcrumbList","@id":"https:\/\/antrotsenter.ee\/ajamootmine\/video\/#breadcrumb","itemListElement":[{"@type":"ListItem","position":1,"name":"Home","item":"https:\/\/antrotsenter.ee\/"},{"@type":"ListItem","position":2,"name":"DIGITAL TIMING","item":"https:\/\/antrotsenter.ee\/ajamootmine\/"},{"@type":"ListItem","position":3,"name":"VIDEO"}]},{"@type":"WebSite","@id":"https:\/\/antrotsenter.ee\/#website","url":"https:\/\/antrotsenter.ee\/","name":"Antrotsenter","description":"K\u00f5ik tehnilised lahendused igale v\u00f5istlusele ja v\u00f5istluste korraldajale","potentialAction":[{"@type":"SearchAction","target":{"@type":"EntryPoint","urlTemplate":"https:\/\/antrotsenter.ee\/?s={search_term_string}"},"query-input":{"@type":"PropertyValueSpecification","valueRequired":true,"valueName":"search_term_string"}}],"inLanguage":"en-US"}]}},"_links":{"self":[{"href":"https:\/\/antrotsenter.ee\/en\/wp-json\/wp\/v2\/pages\/844"}],"collection":[{"href":"https:\/\/antrotsenter.ee\/en\/wp-json\/wp\/v2\/pages"}],"about":[{"href":"https:\/\/antrotsenter.ee\/en\/wp-json\/wp\/v2\/types\/page"}],"author":[{"embeddable":true,"href":"https:\/\/antrotsenter.ee\/en\/wp-json\/wp\/v2\/users\/2"}],"replies":[{"embeddable":true,"href":"https:\/\/antrotsenter.ee\/en\/wp-json\/wp\/v2\/comments?post=844"}],"version-history":[{"count":0,"href":"https:\/\/antrotsenter.ee\/en\/wp-json\/wp\/v2\/pages\/844\/revisions"}],"up":[{"embeddable":true,"href":"https:\/\/antrotsenter.ee\/en\/wp-json\/wp\/v2\/pages\/833"}],"wp:attachment":[{"href":"https:\/\/antrotsenter.ee\/en\/wp-json\/wp\/v2\/media?parent=844"}],"curies":[{"name":"wp","href":"https:\/\/api.w.org\/{rel}","templated":true}]}}