{"id":2525,"date":"2016-03-14T13:09:38","date_gmt":"2016-03-14T11:09:38","guid":{"rendered":"http:\/\/antrotsenter.ee\/voimendikomplekt-1200-w\/"},"modified":"2018-02-06T16:08:19","modified_gmt":"2018-02-06T14:08:19","slug":"voimendikomplekt-1200-w","status":"publish","type":"page","link":"https:\/\/antrotsenter.ee\/en\/voimendikomplekt-1200-w\/","title":{"rendered":"ACTIVE SPEAKERS 1200 W"},"content":{"rendered":"<h3>Price: 38 \u20ac \/ 24 h<\/h3>\n<p>Good quality active speakers Best-4-Music Skytec 12, maximal power 2 x 600 W with two stands in bag. Reccommended size of event appr 200 participants. Set is suitable for transportation and quick set up.<\/p>\n<style type=\"text\/css\">\n\t#foogallery-gallery-270 .fg-image {\n        width: 275px;\n    }\n<\/style>\n\t\t\t\t<div class=\"foogallery foogallery-container foogallery-default foogallery-lightbox-foobox-free fg-gutter-10 fg-left fg-default fg-light fg-shadow-small fg-shadow-inset-large fg-loading-default fg-loaded-fade-in fg-hover-fade fg-hover-zoom fg-ready\" id=\"foogallery-gallery-270\" data-foogallery=\"{&quot;item&quot;:{&quot;showCaptionTitle&quot;:true,&quot;showCaptionDescription&quot;:false},&quot;lazy&quot;:true}\" >\n\t<div class=\"fg-item fg-type-image fg-idle\"><figure class=\"fg-item-inner\"><a href=\"https:\/\/antrotsenter.ee\/wp-content\/uploads\/2016\/06\/Skytec-1.jpg\" data-attachment-id=\"744\" data-type=\"image\" class=\"fg-thumb\"><span class=\"fg-image-wrap\"><img fetchpriority=\"high\" decoding=\"async\" width=\"275\" height=\"200\" class=\"skip-lazy fg-image\" data-src-fg=\"https:\/\/antrotsenter.ee\/wp-content\/uploads\/cache\/2016\/06\/Skytec-1\/1482236529.jpg\" src=\"data:image\/svg+xml,%3Csvg%20xmlns%3D%22http%3A%2F%2Fwww.w3.org%2F2000%2Fsvg%22%20width%3D%22275%22%20height%3D%22200%22%20viewBox%3D%220%200%20275%20200%22%3E%3C%2Fsvg%3E\" loading=\"eager\"><\/span><span class=\"fg-image-overlay\"><\/span><\/a><figcaption class=\"fg-caption\"><div class=\"fg-caption-inner\"><\/div><\/figcaption><\/figure><div class=\"fg-loader\"><\/div><\/div><div class=\"fg-item fg-type-image fg-idle\"><figure class=\"fg-item-inner\"><a href=\"https:\/\/antrotsenter.ee\/wp-content\/uploads\/2016\/06\/Skytec-2.jpg\" data-attachment-id=\"745\" data-type=\"image\" class=\"fg-thumb\"><span class=\"fg-image-wrap\"><img decoding=\"async\" width=\"275\" height=\"200\" class=\"skip-lazy fg-image\" data-src-fg=\"https:\/\/antrotsenter.ee\/wp-content\/uploads\/cache\/2016\/06\/Skytec-2\/24710442.jpg\" src=\"data:image\/svg+xml,%3Csvg%20xmlns%3D%22http%3A%2F%2Fwww.w3.org%2F2000%2Fsvg%22%20width%3D%22275%22%20height%3D%22200%22%20viewBox%3D%220%200%20275%20200%22%3E%3C%2Fsvg%3E\" loading=\"eager\"><\/span><span class=\"fg-image-overlay\"><\/span><\/a><figcaption class=\"fg-caption\"><div class=\"fg-caption-inner\"><\/div><\/figcaption><\/figure><div class=\"fg-loader\"><\/div><\/div><div class=\"fg-item fg-type-image fg-idle\"><figure class=\"fg-item-inner\"><a href=\"https:\/\/antrotsenter.ee\/wp-content\/uploads\/2016\/06\/Skytec-3.jpg\" data-attachment-id=\"746\" data-type=\"image\" class=\"fg-thumb\"><span class=\"fg-image-wrap\"><img decoding=\"async\" width=\"275\" height=\"200\" class=\"skip-lazy fg-image\" data-src-fg=\"https:\/\/antrotsenter.ee\/wp-content\/uploads\/cache\/2016\/06\/Skytec-3\/1850962493.jpg\" src=\"data:image\/svg+xml,%3Csvg%20xmlns%3D%22http%3A%2F%2Fwww.w3.org%2F2000%2Fsvg%22%20width%3D%22275%22%20height%3D%22200%22%20viewBox%3D%220%200%20275%20200%22%3E%3C%2Fsvg%3E\" loading=\"eager\"><\/span><span class=\"fg-image-overlay\"><\/span><\/a><figcaption class=\"fg-caption\"><div class=\"fg-caption-inner\"><\/div><\/figcaption><\/figure><div class=\"fg-loader\"><\/div><\/div><div class=\"fg-item fg-type-image fg-idle\"><figure class=\"fg-item-inner\"><a href=\"https:\/\/antrotsenter.ee\/wp-content\/uploads\/2016\/06\/Skytec-4.jpg\" data-attachment-id=\"747\" data-type=\"image\" class=\"fg-thumb\"><span class=\"fg-image-wrap\"><img decoding=\"async\" width=\"275\" height=\"200\" class=\"skip-lazy fg-image\" data-src-fg=\"https:\/\/antrotsenter.ee\/wp-content\/uploads\/cache\/2016\/06\/Skytec-4\/3006878620.jpg\" src=\"data:image\/svg+xml,%3Csvg%20xmlns%3D%22http%3A%2F%2Fwww.w3.org%2F2000%2Fsvg%22%20width%3D%22275%22%20height%3D%22200%22%20viewBox%3D%220%200%20275%20200%22%3E%3C%2Fsvg%3E\" loading=\"eager\"><\/span><span class=\"fg-image-overlay\"><\/span><\/a><figcaption class=\"fg-caption\"><div class=\"fg-caption-inner\"><\/div><\/figcaption><\/figure><div class=\"fg-loader\"><\/div><\/div><div class=\"fg-item fg-type-image fg-idle\"><figure class=\"fg-item-inner\"><a href=\"https:\/\/antrotsenter.ee\/wp-content\/uploads\/2016\/06\/Skytec-5.jpg\" data-attachment-id=\"748\" data-type=\"image\" class=\"fg-thumb\"><span class=\"fg-image-wrap\"><img decoding=\"async\" width=\"275\" height=\"200\" class=\"skip-lazy fg-image\" data-src-fg=\"https:\/\/antrotsenter.ee\/wp-content\/uploads\/cache\/2016\/06\/Skytec-5\/1065474156.jpg\" src=\"data:image\/svg+xml,%3Csvg%20xmlns%3D%22http%3A%2F%2Fwww.w3.org%2F2000%2Fsvg%22%20width%3D%22275%22%20height%3D%22200%22%20viewBox%3D%220%200%20275%20200%22%3E%3C%2Fsvg%3E\" loading=\"eager\"><\/span><span class=\"fg-image-overlay\"><\/span><\/a><figcaption class=\"fg-caption\"><div class=\"fg-caption-inner\"><\/div><\/figcaption><\/figure><div class=\"fg-loader\"><\/div><\/div><\/div>\n\n<h3>Set include<\/h3>\n<table width=\"100%\">\n<tbody>\n<tr>\n<td width=\"246\">Active speaker<\/td>\n<td style=\"text-align: center;\" width=\"97\">2<\/td>\n<\/tr>\n<tr>\n<td width=\"246\">Stand<\/td>\n<td style=\"text-align: center;\" width=\"97\">2<\/td>\n<\/tr>\n<tr>\n<td width=\"246\">Bag for stands<\/td>\n<td style=\"text-align: center;\" width=\"97\">1<\/td>\n<\/tr>\n<tr>\n<td width=\"246\">Cable XLR, 3 m<\/td>\n<td style=\"text-align: center;\" width=\"97\">2<\/td>\n<\/tr>\n<tr>\n<td width=\"246\">Cable XLR\/6,3 mm \u201ejack\u201c<\/td>\n<td style=\"text-align: center;\" width=\"97\">1<\/td>\n<\/tr>\n<tr>\n<td width=\"246\">Cable RCA, 10 m<\/td>\n<td style=\"text-align: center;\" width=\"97\">2<\/td>\n<\/tr>\n<tr>\n<td width=\"246\">RCA cable transition<\/td>\n<td style=\"text-align: center;\" width=\"97\">2<\/td>\n<\/tr>\n<tr>\n<td width=\"246\">Cable transition 3,5\/RCA<\/td>\n<td style=\"text-align: center;\" width=\"97\">1<\/td>\n<\/tr>\n<tr>\n<td width=\"246\">Speaker power cable<\/td>\n<td style=\"text-align: center;\" width=\"97\">2<\/td>\n<\/tr>\n<\/tbody>\n<\/table>\n<h3>Technical features<\/h3>\n<table width=\"100%\">\n<tbody>\n<tr>\n<td width=\"406\">Active speaker<\/td>\n<td style=\"text-align: center;\" width=\"239\">2-levels, 12&#8220; (30 cm)<\/td>\n<\/tr>\n<tr>\n<td width=\"406\">Maximal output power<\/td>\n<td style=\"text-align: center;\" width=\"239\">600 W per speaker<\/td>\n<\/tr>\n<tr>\n<td width=\"406\">Frequency<\/td>\n<td style=\"text-align: center;\" width=\"239\">40 Hz &#8211; 20 kHz<\/td>\n<\/tr>\n<tr>\n<td width=\"406\">Input electricity power<\/td>\n<td style=\"text-align: center;\" width=\"239\">250 V \/ 50 Hz<\/td>\n<\/tr>\n<tr>\n<td width=\"406\">Dimensions<\/td>\n<td style=\"text-align: center;\" width=\"239\">38 x 60 x 39 cm<\/td>\n<\/tr>\n<tr>\n<td width=\"406\">Weight (one speaker)<\/td>\n<td style=\"text-align: center;\" width=\"239\">13,9 kg<\/td>\n<\/tr>\n<tr>\n<td width=\"406\">Usage outdoor<\/td>\n<td style=\"text-align: center;\" width=\"239\">YES<\/td>\n<\/tr>\n<tr>\n<td width=\"406\">Usage during the precipitation<\/td>\n<td style=\"text-align: center;\" width=\"239\">No,\u00a0 require protection in rainy condition<\/td>\n<\/tr>\n<tr>\n<td width=\"406\">RCA, stereo input<\/td>\n<td style=\"text-align: center;\" width=\"239\">1<\/td>\n<\/tr>\n<tr>\n<td width=\"406\">6,3 mm jack microphone input<\/td>\n<td style=\"text-align: center;\" width=\"239\">1<\/td>\n<\/tr>\n<tr>\n<td width=\"406\">XLR microphone input<\/td>\n<td style=\"text-align: center;\" width=\"239\">1<\/td>\n<\/tr>\n<tr>\n<td width=\"406\">XLR output<\/td>\n<td style=\"text-align: center;\" width=\"239\">1<\/td>\n<\/tr>\n<tr>\n<td width=\"406\">6,3 mm minijack output<\/td>\n<td style=\"text-align: center;\" width=\"239\">1<\/td>\n<\/tr>\n<tr>\n<td width=\"406\">Tuning of power of different microphone power<\/td>\n<td style=\"text-align: center;\" width=\"239\">YES<\/td>\n<\/tr>\n<tr>\n<td width=\"406\">Two-frequency equalizer<\/td>\n<td style=\"text-align: center;\" width=\"239\">higher and lower<\/td>\n<\/tr>\n<tr>\n<td width=\"406\">Stand load capacity<\/td>\n<td style=\"text-align: center;\" width=\"239\">25 kg<\/td>\n<\/tr>\n<tr>\n<td width=\"406\">Stand height difference<\/td>\n<td style=\"text-align: center;\" width=\"239\">120 &#8211; 180 cm<\/td>\n<\/tr>\n<tr>\n<td width=\"406\">The weight of stand<\/td>\n<td style=\"text-align: center;\" width=\"239\">5 kg<\/td>\n<\/tr>\n<\/tbody>\n<\/table>\n<p>&nbsp;<\/p>\n","protected":false},"excerpt":{"rendered":"<p>Price: 38 \u20ac \/ 24 h Good quality active speakers Best-4-Music Skytec 12, maximal power 2 x 600 W with two stands in bag. Reccommended size of event appr 200 participants. Set is suitable for transportation and quick set up. Set include Active speaker 2 Stand 2 Bag for stands 1 Cable XLR, 3 m [&hellip;]<\/p>\n","protected":false},"author":5,"featured_media":0,"parent":0,"menu_order":0,"comment_status":"closed","ping_status":"closed","template":"","meta":{"footnotes":""},"class_list":["post-2525","page","type-page","status-publish","hentry"],"yoast_head":"<!-- This site is optimized with the Yoast SEO plugin v25.4 - https:\/\/yoast.com\/wordpress\/plugins\/seo\/ -->\n<title>ACTIVE SPEAKERS 1200 W &#187; Antrotsenter<\/title>\n<meta name=\"robots\" content=\"index, follow, max-snippet:-1, max-image-preview:large, max-video-preview:-1\" \/>\n<link rel=\"canonical\" href=\"https:\/\/antrotsenter.ee\/en\/voimendikomplekt-1200-w\/\" \/>\n<meta property=\"og:locale\" content=\"en_US\" \/>\n<meta property=\"og:type\" content=\"article\" \/>\n<meta property=\"og:title\" content=\"ACTIVE SPEAKERS 1200 W &#187; Antrotsenter\" \/>\n<meta property=\"og:description\" content=\"Price: 38 \u20ac \/ 24 h Good quality active speakers Best-4-Music Skytec 12, maximal power 2 x 600 W with two stands in bag. Reccommended size of event appr 200 participants. Set is suitable for transportation and quick set up. Set include Active speaker 2 Stand 2 Bag for stands 1 Cable XLR, 3 m [&hellip;]\" \/>\n<meta property=\"og:url\" content=\"https:\/\/antrotsenter.ee\/en\/voimendikomplekt-1200-w\/\" \/>\n<meta property=\"og:site_name\" content=\"Antrotsenter\" \/>\n<meta property=\"article:modified_time\" content=\"2018-02-06T14:08:19+00:00\" \/>\n<meta name=\"twitter:card\" content=\"summary_large_image\" \/>\n<meta name=\"twitter:label1\" content=\"Est. reading time\" \/>\n\t<meta name=\"twitter:data1\" content=\"1 minute\" \/>\n<script type=\"application\/ld+json\" class=\"yoast-schema-graph\">{\"@context\":\"https:\/\/schema.org\",\"@graph\":[{\"@type\":\"WebPage\",\"@id\":\"https:\/\/antrotsenter.ee\/en\/voimendikomplekt-1200-w\/\",\"url\":\"https:\/\/antrotsenter.ee\/en\/voimendikomplekt-1200-w\/\",\"name\":\"ACTIVE SPEAKERS 1200 W &#187; Antrotsenter\",\"isPartOf\":{\"@id\":\"https:\/\/antrotsenter.ee\/#website\"},\"datePublished\":\"2016-03-14T11:09:38+00:00\",\"dateModified\":\"2018-02-06T14:08:19+00:00\",\"breadcrumb\":{\"@id\":\"https:\/\/antrotsenter.ee\/en\/voimendikomplekt-1200-w\/#breadcrumb\"},\"inLanguage\":\"en-US\",\"potentialAction\":[{\"@type\":\"ReadAction\",\"target\":[\"https:\/\/antrotsenter.ee\/en\/voimendikomplekt-1200-w\/\"]}]},{\"@type\":\"BreadcrumbList\",\"@id\":\"https:\/\/antrotsenter.ee\/en\/voimendikomplekt-1200-w\/#breadcrumb\",\"itemListElement\":[{\"@type\":\"ListItem\",\"position\":1,\"name\":\"Home\",\"item\":\"https:\/\/antrotsenter.ee\/\"},{\"@type\":\"ListItem\",\"position\":2,\"name\":\"ACTIVE SPEAKERS 1200 W\"}]},{\"@type\":\"WebSite\",\"@id\":\"https:\/\/antrotsenter.ee\/#website\",\"url\":\"https:\/\/antrotsenter.ee\/\",\"name\":\"Antrotsenter\",\"description\":\"K\u00f5ik tehnilised lahendused igale v\u00f5istlusele ja v\u00f5istluste korraldajale\",\"potentialAction\":[{\"@type\":\"SearchAction\",\"target\":{\"@type\":\"EntryPoint\",\"urlTemplate\":\"https:\/\/antrotsenter.ee\/?s={search_term_string}\"},\"query-input\":{\"@type\":\"PropertyValueSpecification\",\"valueRequired\":true,\"valueName\":\"search_term_string\"}}],\"inLanguage\":\"en-US\"}]}<\/script>\n<!-- \/ Yoast SEO plugin. -->","yoast_head_json":{"title":"ACTIVE SPEAKERS 1200 W &#187; Antrotsenter","robots":{"index":"index","follow":"follow","max-snippet":"max-snippet:-1","max-image-preview":"max-image-preview:large","max-video-preview":"max-video-preview:-1"},"canonical":"https:\/\/antrotsenter.ee\/en\/voimendikomplekt-1200-w\/","og_locale":"en_US","og_type":"article","og_title":"ACTIVE SPEAKERS 1200 W &#187; Antrotsenter","og_description":"Price: 38 \u20ac \/ 24 h Good quality active speakers Best-4-Music Skytec 12, maximal power 2 x 600 W with two stands in bag. Reccommended size of event appr 200 participants. Set is suitable for transportation and quick set up. Set include Active speaker 2 Stand 2 Bag for stands 1 Cable XLR, 3 m [&hellip;]","og_url":"https:\/\/antrotsenter.ee\/en\/voimendikomplekt-1200-w\/","og_site_name":"Antrotsenter","article_modified_time":"2018-02-06T14:08:19+00:00","twitter_card":"summary_large_image","twitter_misc":{"Est. reading time":"1 minute"},"schema":{"@context":"https:\/\/schema.org","@graph":[{"@type":"WebPage","@id":"https:\/\/antrotsenter.ee\/en\/voimendikomplekt-1200-w\/","url":"https:\/\/antrotsenter.ee\/en\/voimendikomplekt-1200-w\/","name":"ACTIVE SPEAKERS 1200 W &#187; Antrotsenter","isPartOf":{"@id":"https:\/\/antrotsenter.ee\/#website"},"datePublished":"2016-03-14T11:09:38+00:00","dateModified":"2018-02-06T14:08:19+00:00","breadcrumb":{"@id":"https:\/\/antrotsenter.ee\/en\/voimendikomplekt-1200-w\/#breadcrumb"},"inLanguage":"en-US","potentialAction":[{"@type":"ReadAction","target":["https:\/\/antrotsenter.ee\/en\/voimendikomplekt-1200-w\/"]}]},{"@type":"BreadcrumbList","@id":"https:\/\/antrotsenter.ee\/en\/voimendikomplekt-1200-w\/#breadcrumb","itemListElement":[{"@type":"ListItem","position":1,"name":"Home","item":"https:\/\/antrotsenter.ee\/"},{"@type":"ListItem","position":2,"name":"ACTIVE SPEAKERS 1200 W"}]},{"@type":"WebSite","@id":"https:\/\/antrotsenter.ee\/#website","url":"https:\/\/antrotsenter.ee\/","name":"Antrotsenter","description":"K\u00f5ik tehnilised lahendused igale v\u00f5istlusele ja v\u00f5istluste korraldajale","potentialAction":[{"@type":"SearchAction","target":{"@type":"EntryPoint","urlTemplate":"https:\/\/antrotsenter.ee\/?s={search_term_string}"},"query-input":{"@type":"PropertyValueSpecification","valueRequired":true,"valueName":"search_term_string"}}],"inLanguage":"en-US"}]}},"_links":{"self":[{"href":"https:\/\/antrotsenter.ee\/en\/wp-json\/wp\/v2\/pages\/2525"}],"collection":[{"href":"https:\/\/antrotsenter.ee\/en\/wp-json\/wp\/v2\/pages"}],"about":[{"href":"https:\/\/antrotsenter.ee\/en\/wp-json\/wp\/v2\/types\/page"}],"author":[{"embeddable":true,"href":"https:\/\/antrotsenter.ee\/en\/wp-json\/wp\/v2\/users\/5"}],"replies":[{"embeddable":true,"href":"https:\/\/antrotsenter.ee\/en\/wp-json\/wp\/v2\/comments?post=2525"}],"version-history":[{"count":0,"href":"https:\/\/antrotsenter.ee\/en\/wp-json\/wp\/v2\/pages\/2525\/revisions"}],"wp:attachment":[{"href":"https:\/\/antrotsenter.ee\/en\/wp-json\/wp\/v2\/media?parent=2525"}],"curies":[{"name":"wp","href":"https:\/\/api.w.org\/{rel}","templated":true}]}}