{"id":2018,"date":"2017-09-26T14:47:42","date_gmt":"2017-09-26T11:47:42","guid":{"rendered":"http:\/\/antrotsenter.ee\/?page_id=2018\/"},"modified":"2018-05-30T07:48:48","modified_gmt":"2018-05-30T04:48:48","slug":"kahepoolne-digitaalne-kell","status":"publish","type":"page","link":"https:\/\/antrotsenter.ee\/en\/kahepoolne-digitaalne-kell\/","title":{"rendered":"DOUBLE SIDE DIGITAL CLOCK"},"content":{"rendered":"<p><iframe loading=\"lazy\" title=\"KAHEPOOLNE DIGITAALNE KELL\" width=\"1140\" height=\"641\" src=\"https:\/\/www.youtube.com\/embed\/NU5UMxu_1DQ?feature=oembed\" frameborder=\"0\" allow=\"accelerometer; autoplay; clipboard-write; encrypted-media; gyroscope; picture-in-picture; web-share\" referrerpolicy=\"strict-origin-when-cross-origin\" allowfullscreen><\/iframe><\/p>\n<h3>Price: 40 \u20ac \/\u00a024 h<\/h3>\n<h3>Technical features<\/h3>\n<table style=\"height: 195px;\" width=\"968\">\n<tbody>\n<tr>\n<td style=\"width: 420.243px;\">Functions<\/td>\n<td style=\"width: 533.576px; text-align: right;\">Watch, count up, count down,<\/td>\n<\/tr>\n<tr>\n<td style=\"width: 420.243px;\">Colors of display<\/td>\n<td style=\"text-align: right; width: 533.576px;\">White, Red, Green, Yellow, Blue,\u00a0Violet, Light blue<\/td>\n<\/tr>\n<tr>\n<td style=\"width: 420.243px;\">Display brughtness<\/td>\n<td style=\"text-align: right; width: 533.576px;\">8 levels<\/td>\n<\/tr>\n<tr>\n<td style=\"width: 420.243px;\">Dimensions<\/td>\n<td style=\"text-align: right; width: 533.576px;\">102 x 28 x 9 cm<\/td>\n<\/tr>\n<tr>\n<td style=\"width: 420.243px;\">Weight<\/td>\n<td style=\"text-align: right; width: 533.576px;\">16,4 kg<\/td>\n<\/tr>\n<tr>\n<td style=\"width: 420.243px;\">Numbers height<\/td>\n<td style=\"text-align: right; width: 533.576px;\">20 cm<\/td>\n<\/tr>\n<tr>\n<td style=\"width: 420.243px;\">Handling<\/td>\n<td style=\"width: 533.576px; text-align: right;\">by remote control or phone APP &#8220;EURM&#8221;<\/td>\n<\/tr>\n<tr>\n<td style=\"width: 420.243px;\">Weatherproofness<\/td>\n<td style=\"width: 533.576px; text-align: right;\">weatherproof<\/td>\n<\/tr>\n<tr>\n<td style=\"width: 420.243px;\">Fastening, mounting<\/td>\n<td style=\"width: 533.576px; text-align: right;\">By stand on the ground or by hanging<\/td>\n<\/tr>\n<tr>\n<td style=\"width: 420.243px;\">Measure between hanging holes<\/td>\n<td style=\"width: 533.576px; text-align: right;\">80 cm<\/td>\n<\/tr>\n<tr>\n<td style=\"width: 420.243px;\">Power supply<\/td>\n<td style=\"width: 533.576px; text-align: right;\">only external power\u00a0250 V, 50 Hz<\/td>\n<\/tr>\n<\/tbody>\n<\/table>\n<h3>If You like to buy new clock, the price is 1400 \u20ac (shipping time appr 2 weeks)<\/h3>\n<h3>User guide<\/h3>\n<p>Set the tripod on the ground or hang up properly. In wind condition over 5 m\/s have to fix tripod additionally in upper spots.<\/p>\n<p>Plug in the power cable and switch clock on by clicking button &#8220;1&#8221;.<\/p>\n<p>For changing colors push to button &#8220;5&#8221;.<\/p>\n<p>For changing brightness push to button &#8220;3&#8221;.<\/p>\n<p>CLOCK presentation push to button\u00a0&#8220;9&#8221;<\/p>\n<p>TIME CHANGING<\/p>\n<p>In clock mode push button\u00a0&#8220;9&#8221;, -&gt; edit (button &#8220;2&#8221;) -&gt; increasing blinking value of number (arrow up, button &#8220;3&#8221;) and decreasing (arrow,\u00a0button &#8220;5&#8221;). To change blinking number move between these by push arrows left &#8220;7&#8221; and right &#8220;8&#8221;.<\/p>\n","protected":false},"excerpt":{"rendered":"<p>Price: 40 \u20ac \/\u00a024 h Technical features Functions Watch, count up, count down, Colors of display White, Red, Green, Yellow, Blue,\u00a0Violet, Light blue Display brughtness 8 levels Dimensions 102 x 28 x 9 cm Weight 16,4 kg Numbers height 20 cm Handling by remote control or phone APP &#8220;EURM&#8221; Weatherproofness weatherproof Fastening, mounting By stand [&hellip;]<\/p>\n","protected":false},"author":2,"featured_media":0,"parent":0,"menu_order":0,"comment_status":"closed","ping_status":"closed","template":"","meta":{"footnotes":""},"class_list":["post-2018","page","type-page","status-publish","hentry"],"yoast_head":"<!-- This site is optimized with the Yoast SEO plugin v25.4 - https:\/\/yoast.com\/wordpress\/plugins\/seo\/ -->\n<title>DOUBLE SIDE DIGITAL CLOCK &#187; Antrotsenter<\/title>\n<meta name=\"robots\" content=\"index, follow, max-snippet:-1, max-image-preview:large, max-video-preview:-1\" \/>\n<link rel=\"canonical\" href=\"https:\/\/antrotsenter.ee\/digitaalne-kell6\/\" \/>\n<meta property=\"og:locale\" content=\"en_US\" \/>\n<meta property=\"og:type\" content=\"article\" \/>\n<meta property=\"og:title\" content=\"DOUBLE SIDE DIGITAL CLOCK &#187; Antrotsenter\" \/>\n<meta property=\"og:description\" content=\"Price: 40 \u20ac \/\u00a024 h Technical features Functions Watch, count up, count down, Colors of display White, Red, Green, Yellow, Blue,\u00a0Violet, Light blue Display brughtness 8 levels Dimensions 102 x 28 x 9 cm Weight 16,4 kg Numbers height 20 cm Handling by remote control or phone APP &#8220;EURM&#8221; Weatherproofness weatherproof Fastening, mounting By stand [&hellip;]\" \/>\n<meta property=\"og:url\" content=\"https:\/\/antrotsenter.ee\/digitaalne-kell6\/\" \/>\n<meta property=\"og:site_name\" content=\"Antrotsenter\" \/>\n<meta property=\"article:modified_time\" content=\"2018-05-30T04:48:48+00:00\" \/>\n<meta name=\"twitter:card\" content=\"summary_large_image\" \/>\n<meta name=\"twitter:label1\" content=\"Est. reading time\" \/>\n\t<meta name=\"twitter:data1\" content=\"1 minute\" \/>\n<script type=\"application\/ld+json\" class=\"yoast-schema-graph\">{\"@context\":\"https:\/\/schema.org\",\"@graph\":[{\"@type\":\"WebPage\",\"@id\":\"https:\/\/antrotsenter.ee\/digitaalne-kell6\/\",\"url\":\"https:\/\/antrotsenter.ee\/digitaalne-kell6\/\",\"name\":\"DOUBLE SIDE DIGITAL CLOCK &#187; Antrotsenter\",\"isPartOf\":{\"@id\":\"https:\/\/antrotsenter.ee\/#website\"},\"datePublished\":\"2017-09-26T11:47:42+00:00\",\"dateModified\":\"2018-05-30T04:48:48+00:00\",\"breadcrumb\":{\"@id\":\"https:\/\/antrotsenter.ee\/digitaalne-kell6\/#breadcrumb\"},\"inLanguage\":\"en-US\",\"potentialAction\":[{\"@type\":\"ReadAction\",\"target\":[\"https:\/\/antrotsenter.ee\/digitaalne-kell6\/\"]}]},{\"@type\":\"BreadcrumbList\",\"@id\":\"https:\/\/antrotsenter.ee\/digitaalne-kell6\/#breadcrumb\",\"itemListElement\":[{\"@type\":\"ListItem\",\"position\":1,\"name\":\"Home\",\"item\":\"https:\/\/antrotsenter.ee\/\"},{\"@type\":\"ListItem\",\"position\":2,\"name\":\"DOUBLE SIDE DIGITAL CLOCK\"}]},{\"@type\":\"WebSite\",\"@id\":\"https:\/\/antrotsenter.ee\/#website\",\"url\":\"https:\/\/antrotsenter.ee\/\",\"name\":\"Antrotsenter\",\"description\":\"K\u00f5ik tehnilised lahendused igale v\u00f5istlusele ja v\u00f5istluste korraldajale\",\"potentialAction\":[{\"@type\":\"SearchAction\",\"target\":{\"@type\":\"EntryPoint\",\"urlTemplate\":\"https:\/\/antrotsenter.ee\/?s={search_term_string}\"},\"query-input\":{\"@type\":\"PropertyValueSpecification\",\"valueRequired\":true,\"valueName\":\"search_term_string\"}}],\"inLanguage\":\"en-US\"}]}<\/script>\n<!-- \/ Yoast SEO plugin. -->","yoast_head_json":{"title":"DOUBLE SIDE DIGITAL CLOCK &#187; Antrotsenter","robots":{"index":"index","follow":"follow","max-snippet":"max-snippet:-1","max-image-preview":"max-image-preview:large","max-video-preview":"max-video-preview:-1"},"canonical":"https:\/\/antrotsenter.ee\/digitaalne-kell6\/","og_locale":"en_US","og_type":"article","og_title":"DOUBLE SIDE DIGITAL CLOCK &#187; Antrotsenter","og_description":"Price: 40 \u20ac \/\u00a024 h Technical features Functions Watch, count up, count down, Colors of display White, Red, Green, Yellow, Blue,\u00a0Violet, Light blue Display brughtness 8 levels Dimensions 102 x 28 x 9 cm Weight 16,4 kg Numbers height 20 cm Handling by remote control or phone APP &#8220;EURM&#8221; Weatherproofness weatherproof Fastening, mounting By stand [&hellip;]","og_url":"https:\/\/antrotsenter.ee\/digitaalne-kell6\/","og_site_name":"Antrotsenter","article_modified_time":"2018-05-30T04:48:48+00:00","twitter_card":"summary_large_image","twitter_misc":{"Est. reading time":"1 minute"},"schema":{"@context":"https:\/\/schema.org","@graph":[{"@type":"WebPage","@id":"https:\/\/antrotsenter.ee\/digitaalne-kell6\/","url":"https:\/\/antrotsenter.ee\/digitaalne-kell6\/","name":"DOUBLE SIDE DIGITAL CLOCK &#187; Antrotsenter","isPartOf":{"@id":"https:\/\/antrotsenter.ee\/#website"},"datePublished":"2017-09-26T11:47:42+00:00","dateModified":"2018-05-30T04:48:48+00:00","breadcrumb":{"@id":"https:\/\/antrotsenter.ee\/digitaalne-kell6\/#breadcrumb"},"inLanguage":"en-US","potentialAction":[{"@type":"ReadAction","target":["https:\/\/antrotsenter.ee\/digitaalne-kell6\/"]}]},{"@type":"BreadcrumbList","@id":"https:\/\/antrotsenter.ee\/digitaalne-kell6\/#breadcrumb","itemListElement":[{"@type":"ListItem","position":1,"name":"Home","item":"https:\/\/antrotsenter.ee\/"},{"@type":"ListItem","position":2,"name":"DOUBLE SIDE DIGITAL CLOCK"}]},{"@type":"WebSite","@id":"https:\/\/antrotsenter.ee\/#website","url":"https:\/\/antrotsenter.ee\/","name":"Antrotsenter","description":"K\u00f5ik tehnilised lahendused igale v\u00f5istlusele ja v\u00f5istluste korraldajale","potentialAction":[{"@type":"SearchAction","target":{"@type":"EntryPoint","urlTemplate":"https:\/\/antrotsenter.ee\/?s={search_term_string}"},"query-input":{"@type":"PropertyValueSpecification","valueRequired":true,"valueName":"search_term_string"}}],"inLanguage":"en-US"}]}},"_links":{"self":[{"href":"https:\/\/antrotsenter.ee\/en\/wp-json\/wp\/v2\/pages\/2018"}],"collection":[{"href":"https:\/\/antrotsenter.ee\/en\/wp-json\/wp\/v2\/pages"}],"about":[{"href":"https:\/\/antrotsenter.ee\/en\/wp-json\/wp\/v2\/types\/page"}],"author":[{"embeddable":true,"href":"https:\/\/antrotsenter.ee\/en\/wp-json\/wp\/v2\/users\/2"}],"replies":[{"embeddable":true,"href":"https:\/\/antrotsenter.ee\/en\/wp-json\/wp\/v2\/comments?post=2018"}],"version-history":[{"count":0,"href":"https:\/\/antrotsenter.ee\/en\/wp-json\/wp\/v2\/pages\/2018\/revisions"}],"wp:attachment":[{"href":"https:\/\/antrotsenter.ee\/en\/wp-json\/wp\/v2\/media?parent=2018"}],"curies":[{"name":"wp","href":"https:\/\/api.w.org\/{rel}","templated":true}]}}