{"id":1781,"date":"2017-07-01T06:32:23","date_gmt":"2017-07-01T03:32:23","guid":{"rendered":"http:\/\/antrotsenter.ee\/?page_id=1781\/"},"modified":"2017-07-01T06:32:23","modified_gmt":"2017-07-01T03:32:23","slug":"live-tracking-participants","status":"publish","type":"page","link":"https:\/\/antrotsenter.ee\/en\/live-tracking-participants\/","title":{"rendered":"LIVE TRACKING OF PARTICIPANTS"},"content":{"rendered":"<p>LiveTeam app help You to track participants in live by using only smart phone. All participants can join to created event by using LiveTeam app in his\/her smart phone. Right after joining the location of smart phone is visible to all related users. You miss\u00a0necessity to rent GPS trackers. Also it is possible to create area plan of event and publish it to every participant. The app is downloadable for Android and iOS smart phones.<\/p>\n<p>V\u00f5istluse korraldamisel ei ole piisavalt inimesi. LiveTeamiga n\u00e4ed kiirelt, kus asuvad meeskonna liikmed ning saad nad suunata sinna, kus neid on just vaja. V\u00f5imalik lihtsalt teha oma v\u00f5itluse maa-ala plaan ja k\u00f5ik meeskonna liikmed teavad, kus midagi asub. \u00c4pi abil saada jagada reaalajas infot kogu meeskonnale.<\/p>\n<p>\u00c4pp saadaval nii Android kui iOS telefonidele.<\/p>\n","protected":false},"excerpt":{"rendered":"<p>LiveTeam app help You to track participants in live by using only smart phone. All participants can join to created event by using LiveTeam app in his\/her smart phone. Right after joining the location of smart phone is visible to all related users. You miss\u00a0necessity to rent GPS trackers. Also it is possible to create [&hellip;]<\/p>\n","protected":false},"author":2,"featured_media":0,"parent":0,"menu_order":0,"comment_status":"closed","ping_status":"closed","template":"","meta":{"footnotes":""},"class_list":["post-1781","page","type-page","status-publish","hentry"],"yoast_head":"<!-- This site is optimized with the Yoast SEO plugin v25.4 - https:\/\/yoast.com\/wordpress\/plugins\/seo\/ -->\n<title>LIVE TRACKING OF PARTICIPANTS &#187; Antrotsenter<\/title>\n<meta name=\"robots\" content=\"index, follow, max-snippet:-1, max-image-preview:large, max-video-preview:-1\" \/>\n<link rel=\"canonical\" href=\"https:\/\/antrotsenter.ee\/voistlejate-asukoha-jalgimine-reaalajas\/\" \/>\n<meta property=\"og:locale\" content=\"en_US\" \/>\n<meta property=\"og:type\" content=\"article\" \/>\n<meta property=\"og:title\" content=\"LIVE TRACKING OF PARTICIPANTS &#187; Antrotsenter\" \/>\n<meta property=\"og:description\" content=\"LiveTeam app help You to track participants in live by using only smart phone. All participants can join to created event by using LiveTeam app in his\/her smart phone. Right after joining the location of smart phone is visible to all related users. You miss\u00a0necessity to rent GPS trackers. Also it is possible to create [&hellip;]\" \/>\n<meta property=\"og:url\" content=\"https:\/\/antrotsenter.ee\/voistlejate-asukoha-jalgimine-reaalajas\/\" \/>\n<meta property=\"og:site_name\" content=\"Antrotsenter\" \/>\n<meta name=\"twitter:card\" content=\"summary_large_image\" \/>\n<meta name=\"twitter:label1\" content=\"Est. reading time\" \/>\n\t<meta name=\"twitter:data1\" content=\"1 minute\" \/>\n<script type=\"application\/ld+json\" class=\"yoast-schema-graph\">{\"@context\":\"https:\/\/schema.org\",\"@graph\":[{\"@type\":\"WebPage\",\"@id\":\"https:\/\/antrotsenter.ee\/voistlejate-asukoha-jalgimine-reaalajas\/\",\"url\":\"https:\/\/antrotsenter.ee\/voistlejate-asukoha-jalgimine-reaalajas\/\",\"name\":\"LIVE TRACKING OF PARTICIPANTS &#187; Antrotsenter\",\"isPartOf\":{\"@id\":\"https:\/\/antrotsenter.ee\/#website\"},\"datePublished\":\"2017-07-01T03:32:23+00:00\",\"breadcrumb\":{\"@id\":\"https:\/\/antrotsenter.ee\/voistlejate-asukoha-jalgimine-reaalajas\/#breadcrumb\"},\"inLanguage\":\"en-US\",\"potentialAction\":[{\"@type\":\"ReadAction\",\"target\":[\"https:\/\/antrotsenter.ee\/voistlejate-asukoha-jalgimine-reaalajas\/\"]}]},{\"@type\":\"BreadcrumbList\",\"@id\":\"https:\/\/antrotsenter.ee\/voistlejate-asukoha-jalgimine-reaalajas\/#breadcrumb\",\"itemListElement\":[{\"@type\":\"ListItem\",\"position\":1,\"name\":\"Home\",\"item\":\"https:\/\/antrotsenter.ee\/\"},{\"@type\":\"ListItem\",\"position\":2,\"name\":\"LIVE TRACKING OF PARTICIPANTS\"}]},{\"@type\":\"WebSite\",\"@id\":\"https:\/\/antrotsenter.ee\/#website\",\"url\":\"https:\/\/antrotsenter.ee\/\",\"name\":\"Antrotsenter\",\"description\":\"K\u00f5ik tehnilised lahendused igale v\u00f5istlusele ja v\u00f5istluste korraldajale\",\"potentialAction\":[{\"@type\":\"SearchAction\",\"target\":{\"@type\":\"EntryPoint\",\"urlTemplate\":\"https:\/\/antrotsenter.ee\/?s={search_term_string}\"},\"query-input\":{\"@type\":\"PropertyValueSpecification\",\"valueRequired\":true,\"valueName\":\"search_term_string\"}}],\"inLanguage\":\"en-US\"}]}<\/script>\n<!-- \/ Yoast SEO plugin. -->","yoast_head_json":{"title":"LIVE TRACKING OF PARTICIPANTS &#187; Antrotsenter","robots":{"index":"index","follow":"follow","max-snippet":"max-snippet:-1","max-image-preview":"max-image-preview:large","max-video-preview":"max-video-preview:-1"},"canonical":"https:\/\/antrotsenter.ee\/voistlejate-asukoha-jalgimine-reaalajas\/","og_locale":"en_US","og_type":"article","og_title":"LIVE TRACKING OF PARTICIPANTS &#187; Antrotsenter","og_description":"LiveTeam app help You to track participants in live by using only smart phone. All participants can join to created event by using LiveTeam app in his\/her smart phone. Right after joining the location of smart phone is visible to all related users. You miss\u00a0necessity to rent GPS trackers. Also it is possible to create [&hellip;]","og_url":"https:\/\/antrotsenter.ee\/voistlejate-asukoha-jalgimine-reaalajas\/","og_site_name":"Antrotsenter","twitter_card":"summary_large_image","twitter_misc":{"Est. reading time":"1 minute"},"schema":{"@context":"https:\/\/schema.org","@graph":[{"@type":"WebPage","@id":"https:\/\/antrotsenter.ee\/voistlejate-asukoha-jalgimine-reaalajas\/","url":"https:\/\/antrotsenter.ee\/voistlejate-asukoha-jalgimine-reaalajas\/","name":"LIVE TRACKING OF PARTICIPANTS &#187; Antrotsenter","isPartOf":{"@id":"https:\/\/antrotsenter.ee\/#website"},"datePublished":"2017-07-01T03:32:23+00:00","breadcrumb":{"@id":"https:\/\/antrotsenter.ee\/voistlejate-asukoha-jalgimine-reaalajas\/#breadcrumb"},"inLanguage":"en-US","potentialAction":[{"@type":"ReadAction","target":["https:\/\/antrotsenter.ee\/voistlejate-asukoha-jalgimine-reaalajas\/"]}]},{"@type":"BreadcrumbList","@id":"https:\/\/antrotsenter.ee\/voistlejate-asukoha-jalgimine-reaalajas\/#breadcrumb","itemListElement":[{"@type":"ListItem","position":1,"name":"Home","item":"https:\/\/antrotsenter.ee\/"},{"@type":"ListItem","position":2,"name":"LIVE TRACKING OF PARTICIPANTS"}]},{"@type":"WebSite","@id":"https:\/\/antrotsenter.ee\/#website","url":"https:\/\/antrotsenter.ee\/","name":"Antrotsenter","description":"K\u00f5ik tehnilised lahendused igale v\u00f5istlusele ja v\u00f5istluste korraldajale","potentialAction":[{"@type":"SearchAction","target":{"@type":"EntryPoint","urlTemplate":"https:\/\/antrotsenter.ee\/?s={search_term_string}"},"query-input":{"@type":"PropertyValueSpecification","valueRequired":true,"valueName":"search_term_string"}}],"inLanguage":"en-US"}]}},"_links":{"self":[{"href":"https:\/\/antrotsenter.ee\/en\/wp-json\/wp\/v2\/pages\/1781"}],"collection":[{"href":"https:\/\/antrotsenter.ee\/en\/wp-json\/wp\/v2\/pages"}],"about":[{"href":"https:\/\/antrotsenter.ee\/en\/wp-json\/wp\/v2\/types\/page"}],"author":[{"embeddable":true,"href":"https:\/\/antrotsenter.ee\/en\/wp-json\/wp\/v2\/users\/2"}],"replies":[{"embeddable":true,"href":"https:\/\/antrotsenter.ee\/en\/wp-json\/wp\/v2\/comments?post=1781"}],"version-history":[{"count":0,"href":"https:\/\/antrotsenter.ee\/en\/wp-json\/wp\/v2\/pages\/1781\/revisions"}],"wp:attachment":[{"href":"https:\/\/antrotsenter.ee\/en\/wp-json\/wp\/v2\/media?parent=1781"}],"curies":[{"name":"wp","href":"https:\/\/api.w.org\/{rel}","templated":true}]}}