{"id":1442,"date":"2017-04-08T12:39:13","date_gmt":"2017-04-08T09:39:13","guid":{"rendered":"http:\/\/antrotsenter.ee\/?page_id=1442\/"},"modified":"2017-04-08T12:53:54","modified_gmt":"2017-04-08T09:53:54","slug":"maanteeratas","status":"publish","type":"page","link":"https:\/\/antrotsenter.ee\/en\/maanteeratas\/","title":{"rendered":"Noorte maanteeratas"},"content":{"rendered":"<p>Maanteeratas Barracuda Blackfin, 2012<\/p>\n<p>Sobib pikkusele 130 &#8211; 155 cm<\/p>\n<p>Kaal 11,3 kg<\/p>\n<style type=\"text\/css\">\n\t#foogallery-gallery-1460 .fg-image {\n        width: 275px;\n    }\n<\/style>\n\t\t\t\t<div class=\"foogallery foogallery-container foogallery-default foogallery-lightbox-foobox-free fg-gutter-10 fg-left fg-default fg-light fg-shadow-small fg-shadow-inset-large fg-loading-default fg-loaded-fade-in fg-hover-fade fg-hover-zoom fg-ready\" id=\"foogallery-gallery-1460\" data-foogallery=\"{&quot;item&quot;:{&quot;showCaptionTitle&quot;:true,&quot;showCaptionDescription&quot;:false},&quot;lazy&quot;:true}\" >\n\t<\/div>\n\n","protected":false},"excerpt":{"rendered":"<p>Maanteeratas Barracuda Blackfin, 2012 Sobib pikkusele 130 &#8211; 155 cm Kaal 11,3 kg<\/p>\n","protected":false},"author":2,"featured_media":0,"parent":0,"menu_order":0,"comment_status":"closed","ping_status":"closed","template":"","meta":{"footnotes":""},"class_list":["post-1442","page","type-page","status-publish","hentry"],"yoast_head":"<!-- This site is optimized with the Yoast SEO plugin v25.4 - https:\/\/yoast.com\/wordpress\/plugins\/seo\/ -->\n<title>Noorte maanteeratas &#187; Antrotsenter<\/title>\n<meta name=\"robots\" content=\"index, follow, max-snippet:-1, max-image-preview:large, max-video-preview:-1\" \/>\n<link rel=\"canonical\" href=\"https:\/\/antrotsenter.ee\/lastemaanteeratas\/\" \/>\n<meta property=\"og:locale\" content=\"en_US\" \/>\n<meta property=\"og:type\" content=\"article\" \/>\n<meta property=\"og:title\" content=\"Noorte maanteeratas &#187; Antrotsenter\" \/>\n<meta property=\"og:description\" content=\"Maanteeratas Barracuda Blackfin, 2012 Sobib pikkusele 130 &#8211; 155 cm Kaal 11,3 kg\" \/>\n<meta property=\"og:url\" content=\"https:\/\/antrotsenter.ee\/lastemaanteeratas\/\" \/>\n<meta property=\"og:site_name\" content=\"Antrotsenter\" \/>\n<meta property=\"article:modified_time\" content=\"2017-04-08T09:53:54+00:00\" \/>\n<meta name=\"twitter:card\" content=\"summary_large_image\" \/>\n<script type=\"application\/ld+json\" class=\"yoast-schema-graph\">{\"@context\":\"https:\/\/schema.org\",\"@graph\":[{\"@type\":\"WebPage\",\"@id\":\"https:\/\/antrotsenter.ee\/lastemaanteeratas\/\",\"url\":\"https:\/\/antrotsenter.ee\/lastemaanteeratas\/\",\"name\":\"Noorte maanteeratas &#187; Antrotsenter\",\"isPartOf\":{\"@id\":\"https:\/\/antrotsenter.ee\/#website\"},\"datePublished\":\"2017-04-08T09:39:13+00:00\",\"dateModified\":\"2017-04-08T09:53:54+00:00\",\"breadcrumb\":{\"@id\":\"https:\/\/antrotsenter.ee\/lastemaanteeratas\/#breadcrumb\"},\"inLanguage\":\"en-US\",\"potentialAction\":[{\"@type\":\"ReadAction\",\"target\":[\"https:\/\/antrotsenter.ee\/lastemaanteeratas\/\"]}]},{\"@type\":\"BreadcrumbList\",\"@id\":\"https:\/\/antrotsenter.ee\/lastemaanteeratas\/#breadcrumb\",\"itemListElement\":[{\"@type\":\"ListItem\",\"position\":1,\"name\":\"Home\",\"item\":\"https:\/\/antrotsenter.ee\/\"},{\"@type\":\"ListItem\",\"position\":2,\"name\":\"Noorte maanteeratas\"}]},{\"@type\":\"WebSite\",\"@id\":\"https:\/\/antrotsenter.ee\/#website\",\"url\":\"https:\/\/antrotsenter.ee\/\",\"name\":\"Antrotsenter\",\"description\":\"K\u00f5ik tehnilised lahendused igale v\u00f5istlusele ja v\u00f5istluste korraldajale\",\"potentialAction\":[{\"@type\":\"SearchAction\",\"target\":{\"@type\":\"EntryPoint\",\"urlTemplate\":\"https:\/\/antrotsenter.ee\/?s={search_term_string}\"},\"query-input\":{\"@type\":\"PropertyValueSpecification\",\"valueRequired\":true,\"valueName\":\"search_term_string\"}}],\"inLanguage\":\"en-US\"}]}<\/script>\n<!-- \/ Yoast SEO plugin. -->","yoast_head_json":{"title":"Noorte maanteeratas &#187; Antrotsenter","robots":{"index":"index","follow":"follow","max-snippet":"max-snippet:-1","max-image-preview":"max-image-preview:large","max-video-preview":"max-video-preview:-1"},"canonical":"https:\/\/antrotsenter.ee\/lastemaanteeratas\/","og_locale":"en_US","og_type":"article","og_title":"Noorte maanteeratas &#187; Antrotsenter","og_description":"Maanteeratas Barracuda Blackfin, 2012 Sobib pikkusele 130 &#8211; 155 cm Kaal 11,3 kg","og_url":"https:\/\/antrotsenter.ee\/lastemaanteeratas\/","og_site_name":"Antrotsenter","article_modified_time":"2017-04-08T09:53:54+00:00","twitter_card":"summary_large_image","schema":{"@context":"https:\/\/schema.org","@graph":[{"@type":"WebPage","@id":"https:\/\/antrotsenter.ee\/lastemaanteeratas\/","url":"https:\/\/antrotsenter.ee\/lastemaanteeratas\/","name":"Noorte maanteeratas &#187; Antrotsenter","isPartOf":{"@id":"https:\/\/antrotsenter.ee\/#website"},"datePublished":"2017-04-08T09:39:13+00:00","dateModified":"2017-04-08T09:53:54+00:00","breadcrumb":{"@id":"https:\/\/antrotsenter.ee\/lastemaanteeratas\/#breadcrumb"},"inLanguage":"en-US","potentialAction":[{"@type":"ReadAction","target":["https:\/\/antrotsenter.ee\/lastemaanteeratas\/"]}]},{"@type":"BreadcrumbList","@id":"https:\/\/antrotsenter.ee\/lastemaanteeratas\/#breadcrumb","itemListElement":[{"@type":"ListItem","position":1,"name":"Home","item":"https:\/\/antrotsenter.ee\/"},{"@type":"ListItem","position":2,"name":"Noorte maanteeratas"}]},{"@type":"WebSite","@id":"https:\/\/antrotsenter.ee\/#website","url":"https:\/\/antrotsenter.ee\/","name":"Antrotsenter","description":"K\u00f5ik tehnilised lahendused igale v\u00f5istlusele ja v\u00f5istluste korraldajale","potentialAction":[{"@type":"SearchAction","target":{"@type":"EntryPoint","urlTemplate":"https:\/\/antrotsenter.ee\/?s={search_term_string}"},"query-input":{"@type":"PropertyValueSpecification","valueRequired":true,"valueName":"search_term_string"}}],"inLanguage":"en-US"}]}},"_links":{"self":[{"href":"https:\/\/antrotsenter.ee\/en\/wp-json\/wp\/v2\/pages\/1442"}],"collection":[{"href":"https:\/\/antrotsenter.ee\/en\/wp-json\/wp\/v2\/pages"}],"about":[{"href":"https:\/\/antrotsenter.ee\/en\/wp-json\/wp\/v2\/types\/page"}],"author":[{"embeddable":true,"href":"https:\/\/antrotsenter.ee\/en\/wp-json\/wp\/v2\/users\/2"}],"replies":[{"embeddable":true,"href":"https:\/\/antrotsenter.ee\/en\/wp-json\/wp\/v2\/comments?post=1442"}],"version-history":[{"count":0,"href":"https:\/\/antrotsenter.ee\/en\/wp-json\/wp\/v2\/pages\/1442\/revisions"}],"wp:attachment":[{"href":"https:\/\/antrotsenter.ee\/en\/wp-json\/wp\/v2\/media?parent=1442"}],"curies":[{"name":"wp","href":"https:\/\/api.w.org\/{rel}","templated":true}]}}